{"id":229,"date":"2022-03-02T02:19:54","date_gmt":"2022-03-02T01:19:54","guid":{"rendered":"https:\/\/pecoranera.info\/?page_id=229"},"modified":"2023-11-15T23:50:57","modified_gmt":"2023-11-15T22:50:57","slug":"what","status":"publish","type":"page","link":"https:\/\/pecoranera.info\/de\/what\/","title":{"rendered":"What"},"content":{"rendered":"\n<div class=\"wp-block-media-text alignwide is-stacked-on-mobile\"><figure class=\"wp-block-media-text__media\"><img loading=\"lazy\" decoding=\"async\" width=\"720\" height=\"960\" src=\"https:\/\/pecoranera.info\/de\/wp-content\/uploads\/2022\/03\/MassiRossi-shooting.jpg\" alt=\"\" class=\"wp-image-340 size-full\" srcset=\"https:\/\/pecoranera.info\/de\/wp-content\/uploads\/2022\/03\/MassiRossi-shooting.jpg 720w, https:\/\/pecoranera.info\/de\/wp-content\/uploads\/2022\/03\/MassiRossi-shooting-225x300.jpg 225w\" sizes=\"auto, (max-width: 720px) 100vw, 720px\" \/><\/figure><div class=\"wp-block-media-text__content\">\n<p><strong>Pecoranera<\/strong> ist ein nach und nach entstandenes Projekt, einer der Tagtr\u00e4ume von <a href=\"https:\/\/www.instagram.com\/massirossiofficial\/\" data-type=\"link\" data-id=\"https:\/\/www.instagram.com\/massirossiofficial\/\" target=\"_blank\" rel=\"noreferrer noopener\">Massimiliano Rossi<\/a>, der dank seiner Sturheit und oft entgegen der allgemeinen Meinung verwirklicht wurde. Eigentlich ein schwarzes Schaf.<\/p>\n\n\n\n<p>Urspr\u00fcnglich fiel es mit seinem Wunsch zusammen, sein Leben als Schauspieler-Synchronsprecher in Mailand mit dem eines \u201eBauern\u201c in den H\u00fcgeln der Romagna abzuwechseln und dann nach und nach in die Romagna zur\u00fcckzukehren, wo er geboren wurde und wo er einen Gro\u00dfteil seines Lebens verbrachte.<\/p>\n\n\n\n<p>Nachdem er sich in einen Bauernhof von fast 7 Hektar verliebt hatte, der mit Weinbergen, Olivenb\u00e4umen, Aprikosenb\u00e4umen und Viehfutter bewirtschaftet wurde, hat sich sein urspr\u00fcngliches Ziel stark ver\u00e4ndert.<\/p>\n<\/div><\/div>\n\n\n\n<p>So die Idee eines kleinen Holzhauses mit Garten wurde zu der Idee, ein altes bestehendes Bauernhaus zu restaurieren und es in \u201esein\u201c Zuhause umzuwandeln und das Land zu kultivieren (mehr als 300 Olivenb\u00e4ume kamen zu den 60 bereits vorhandenen hinzu).\u00a0 Einer Anbau mit drei <strong>Schlafzimmern, einer Gemeinschaftsk\u00fcche und einem Swimmingpool mit Blick auf die H\u00fcgel von Bertinoro<\/strong> wurden dann hinzugef\u00fcgen, um das zu erreichen, was f\u00fcr Massimiliano den h\u00f6chsten Freuden des Lebens ist: teilen, was Sie haben, mit den Menschen, die Sie lieben.<\/p>\n\n\n\n<div class=\"wp-block-columns is-layout-flex wp-container-core-columns-is-layout-28f84493 wp-block-columns-is-layout-flex\">\n<div class=\"wp-block-column is-layout-flow wp-block-column-is-layout-flow\">\n<figure class=\"wp-block-image size-large\"><img loading=\"lazy\" decoding=\"async\" width=\"768\" height=\"1024\" src=\"https:\/\/pecoranera.info\/de\/wp-content\/uploads\/2022\/02\/PECORANERA_giuggiolo-lavori-768x1024.jpg\" alt=\"\" class=\"wp-image-151\" srcset=\"https:\/\/pecoranera.info\/de\/wp-content\/uploads\/2022\/02\/PECORANERA_giuggiolo-lavori-768x1024.jpg 768w, https:\/\/pecoranera.info\/de\/wp-content\/uploads\/2022\/02\/PECORANERA_giuggiolo-lavori-225x300.jpg 225w, https:\/\/pecoranera.info\/de\/wp-content\/uploads\/2022\/02\/PECORANERA_giuggiolo-lavori.jpg 810w\" sizes=\"auto, (max-width: 768px) 100vw, 768px\" \/><\/figure>\n\n\n\n<p style=\"font-size:14px\"><strong>Die Jujube<\/strong><br>Vor der Restaurierung<\/p>\n<\/div>\n\n\n\n<div class=\"wp-block-column is-layout-flow wp-block-column-is-layout-flow\">\n<div style=\"height:100px\" aria-hidden=\"true\" class=\"wp-block-spacer\"><\/div>\n\n\n\n<p style=\"font-size:14px\"><strong>Das Fenster auf den H\u00fcgeln<\/strong><br>Nach der Restaurierung<\/p>\n\n\n\n<figure class=\"wp-block-image size-large\"><img loading=\"lazy\" decoding=\"async\" width=\"768\" height=\"1024\" src=\"https:\/\/pecoranera.info\/de\/wp-content\/uploads\/2022\/02\/PECORANERA_tramonto-stagno-768x1024.jpg\" alt=\"\" class=\"wp-image-102\" srcset=\"https:\/\/pecoranera.info\/de\/wp-content\/uploads\/2022\/02\/PECORANERA_tramonto-stagno-768x1024.jpg 768w, https:\/\/pecoranera.info\/de\/wp-content\/uploads\/2022\/02\/PECORANERA_tramonto-stagno-225x300.jpg 225w, https:\/\/pecoranera.info\/de\/wp-content\/uploads\/2022\/02\/PECORANERA_tramonto-stagno.jpg 810w\" sizes=\"auto, (max-width: 768px) 100vw, 768px\" \/><\/figure>\n<\/div>\n<\/div>\n\n\n\n<p>Die Ankunft von Omar Babini, unmittelbar nach dem Bau des Hauses, f\u00fchrte zur Bereicherung des Unternehmens mit vielen Tieren, allen voran Omars\u2018 wundersch\u00f6nen Border Collies.\u00a0 Omar ist ein Tierarzt, und auch Hunde-Agility-Trainer und Besitzer von einem Hundezucht- und Zuchtzentrum.<\/p>\n\n\n\n<p><\/p>\n\n\n\n<h2 class=\"wp-block-heading\">Flora und Fauna<\/h2>\n\n\n\n<p>In Pecoranera gibt es viele H\u00fchner, Ziegen, zwei Esel (beide vor dem Schicksal des Schlachthofs gerettet), freilaufende Kaninchen und G\u00e4nse, die den H\u00fchnerstall bewachen. Es gibt auch R\u00e4ume, die f\u00fcr Sport genutzt werden k\u00f6nnen, wie zum Beispiel ein Agility-Feld f\u00fcr Hunde und ein Schwimmbad. Merkmale dieses Ortes sind schlie\u00dflich das Panorama der Bertinoro-H\u00fcgel, Feldwege, Auffahrten voller Rosen, Weinberge und Olivenhaine, die eine herrliche Kulisse f\u00fcr einen Spaziergang zu Fu\u00df oder mit dem Mountainbike bieten.<\/p>\n\n\n\n<div class=\"wp-block-group alignfull\"><div class=\"wp-block-group__inner-container is-layout-flow wp-block-group-is-layout-flow\">\n<figure class=\"wp-block-gallery alignwide has-nested-images columns-default is-cropped wp-block-gallery-1 is-layout-flex wp-block-gallery-is-layout-flex\">\n<figure class=\"wp-block-image size-large\"><img loading=\"lazy\" decoding=\"async\" width=\"1024\" height=\"944\" data-id=\"113\" src=\"https:\/\/pecoranera.info\/de\/wp-content\/uploads\/2022\/02\/PECORANERA_cane-Massi-Capretta-1024x944.jpg\" alt=\"\" class=\"wp-image-113\" srcset=\"https:\/\/pecoranera.info\/de\/wp-content\/uploads\/2022\/02\/PECORANERA_cane-Massi-Capretta-1024x944.jpg 1024w, https:\/\/pecoranera.info\/de\/wp-content\/uploads\/2022\/02\/PECORANERA_cane-Massi-Capretta-300x276.jpg 300w, https:\/\/pecoranera.info\/de\/wp-content\/uploads\/2022\/02\/PECORANERA_cane-Massi-Capretta-768x708.jpg 768w, https:\/\/pecoranera.info\/de\/wp-content\/uploads\/2022\/02\/PECORANERA_cane-Massi-Capretta.jpg 1400w\" sizes=\"auto, (max-width: 1024px) 100vw, 1024px\" \/><\/figure>\n\n\n\n<figure class=\"wp-block-image size-large\"><img loading=\"lazy\" decoding=\"async\" width=\"820\" height=\"1024\" data-id=\"110\" src=\"https:\/\/pecoranera.info\/de\/wp-content\/uploads\/2022\/02\/PECORANERA_polli-820x1024.jpg\" alt=\"\" class=\"wp-image-110\" srcset=\"https:\/\/pecoranera.info\/de\/wp-content\/uploads\/2022\/02\/PECORANERA_polli-820x1024.jpg 820w, https:\/\/pecoranera.info\/de\/wp-content\/uploads\/2022\/02\/PECORANERA_polli-240x300.jpg 240w, https:\/\/pecoranera.info\/de\/wp-content\/uploads\/2022\/02\/PECORANERA_polli-768x959.jpg 768w, https:\/\/pecoranera.info\/de\/wp-content\/uploads\/2022\/02\/PECORANERA_polli.jpg 865w\" sizes=\"auto, (max-width: 820px) 100vw, 820px\" \/><\/figure>\n\n\n\n<figure class=\"wp-block-image size-large\"><img loading=\"lazy\" decoding=\"async\" width=\"768\" height=\"1024\" data-id=\"114\" src=\"https:\/\/pecoranera.info\/de\/wp-content\/uploads\/2022\/02\/PECORANERA_Asinello-768x1024.jpg\" alt=\"\" class=\"wp-image-114\" srcset=\"https:\/\/pecoranera.info\/de\/wp-content\/uploads\/2022\/02\/PECORANERA_Asinello-768x1024.jpg 768w, https:\/\/pecoranera.info\/de\/wp-content\/uploads\/2022\/02\/PECORANERA_Asinello-225x300.jpg 225w, https:\/\/pecoranera.info\/de\/wp-content\/uploads\/2022\/02\/PECORANERA_Asinello.jpg 810w\" sizes=\"auto, (max-width: 768px) 100vw, 768px\" \/><\/figure>\n<\/figure>\n<\/div><\/div>\n\n\n\n<p>Es gibt auch einen H\u00fchnerstall, in dem etwa drei\u00dfig H\u00fchner und einige G\u00e4nse Zuflucht finden, deren einzige Aufgabe darin besteht, sich frei auf den Feldern und im Garten zu bewegen und die Eier zu produzieren, aus denen die Nudeln und Kuchen f\u00fcr Pecoraneras Fr\u00fchst\u00fcck hergestellt werden. Daher ist es nicht verwunderlich, L\u00f6wenkopfhasen oder wilde Tiere zu sehen, wie Rehe, Wildschweine, Stachelschweine und alle anderen,,die sich frei durch die Felder bewegen.<\/p>\n\n\n\n<div class=\"wp-block-media-text alignwide has-media-on-the-right is-stacked-on-mobile\"><div class=\"wp-block-media-text__content\">\n<p class=\"has-normal-font-size\">Hunde sind ein fester Bestandteil der Familie und pr\u00e4gendes Element des Unternehmens. Normalerweise gibt es etwa 3\/4 Border Collies, die Teil von Omars\u2018 Zwinger sind und die in Pecoranera die ideale Umgebung zum Spielen, Laufen und Trainieren finden. Alle Border Collies \u00fcben die sportliche Aktivit\u00e4t Dog Agility aus und einige davon sind bereits italienische Meister wie Kiwi und Quinoa.<\/p>\n<\/div><figure class=\"wp-block-media-text__media\"><img loading=\"lazy\" decoding=\"async\" width=\"819\" height=\"1024\" src=\"https:\/\/pecoranera.info\/de\/wp-content\/uploads\/2022\/02\/PECORANERA_Omar-cani-819x1024.jpg\" alt=\"\" class=\"wp-image-115 size-full\" srcset=\"https:\/\/pecoranera.info\/de\/wp-content\/uploads\/2022\/02\/PECORANERA_Omar-cani-819x1024.jpg 819w, https:\/\/pecoranera.info\/de\/wp-content\/uploads\/2022\/02\/PECORANERA_Omar-cani-240x300.jpg 240w, https:\/\/pecoranera.info\/de\/wp-content\/uploads\/2022\/02\/PECORANERA_Omar-cani-768x960.jpg 768w, https:\/\/pecoranera.info\/de\/wp-content\/uploads\/2022\/02\/PECORANERA_Omar-cani.jpg 864w\" sizes=\"auto, (max-width: 819px) 100vw, 819px\" \/><\/figure><\/div>\n\n\n\n<p><\/p>\n\n\n\n<p>Unterhalb des Panoramafensters bemerkt man zwei gro\u00dfe Wannen. Sie beherbergen nicht nur verschiedene Arten von Wasserpflanzen wie Lotusblumen, Seerosen, Wasser-Schwertlilien, Schachtelhalm, Minze und Papyrus und locken pr\u00e4chtige Libellen, sondern auch viele Goldfische und Karpfen, die dort das ideale \u00d6kosystem zum Leben finden und reproduzieren.<\/p>\n\n\n\n<figure class=\"wp-block-gallery alignwide has-nested-images columns-default is-cropped wp-block-gallery-2 is-layout-flex wp-block-gallery-is-layout-flex\">\n<figure class=\"wp-block-image size-large\"><img loading=\"lazy\" decoding=\"async\" width=\"768\" height=\"1024\" data-id=\"101\" src=\"https:\/\/pecoranera.info\/de\/wp-content\/uploads\/2022\/02\/PECORANERA_amaca-giorno-768x1024.jpg\" alt=\"\" class=\"wp-image-101\" srcset=\"https:\/\/pecoranera.info\/de\/wp-content\/uploads\/2022\/02\/PECORANERA_amaca-giorno-768x1024.jpg 768w, https:\/\/pecoranera.info\/de\/wp-content\/uploads\/2022\/02\/PECORANERA_amaca-giorno-225x300.jpg 225w, https:\/\/pecoranera.info\/de\/wp-content\/uploads\/2022\/02\/PECORANERA_amaca-giorno.jpg 810w\" sizes=\"auto, (max-width: 768px) 100vw, 768px\" \/><\/figure>\n\n\n\n<figure class=\"wp-block-image size-large\"><img loading=\"lazy\" decoding=\"async\" width=\"1024\" height=\"1024\" data-id=\"95\" src=\"https:\/\/pecoranera.info\/de\/wp-content\/uploads\/2022\/02\/PECORANERA_stagno-1024x1024.jpg\" alt=\"\" class=\"wp-image-95\" srcset=\"https:\/\/pecoranera.info\/de\/wp-content\/uploads\/2022\/02\/PECORANERA_stagno.jpg 1024w, https:\/\/pecoranera.info\/de\/wp-content\/uploads\/2022\/02\/PECORANERA_stagno-300x300.jpg 300w, https:\/\/pecoranera.info\/de\/wp-content\/uploads\/2022\/02\/PECORANERA_stagno-150x150.jpg 150w, https:\/\/pecoranera.info\/de\/wp-content\/uploads\/2022\/02\/PECORANERA_stagno-768x768.jpg 768w\" sizes=\"auto, (max-width: 1024px) 100vw, 1024px\" \/><\/figure>\n<\/figure>\n\n\n\n<h2 class=\"wp-block-heading\"><strong>Olivenb\u00e4ume und \u00d6l<\/strong><\/h2>\n\n\n\n<p>Die vorhandenen Olivenb\u00e4ume (alle aus kontrolliert biologischem Anbau) werden direkt auf dem Anwesen angebaut.\u00a0 Ziel ist die Herstellung eines hervorragenden nativen extra Oliven\u00f6ls, dank der Beratung von Experten \u00a0 f\u00fcr die Auswahl der Sorten und deren Anpflanzung, den Schnitt,\u00a0 die Ernte und die Auswahl der besten M\u00fchle zum Pressen. Insgesamt etwa 300 Pflanzen der Sorten Frantoio, Leccino und Nostrana di Brisighella wurden hinzugef\u00fcgt.\u00a0 Der Name, der dem \u00d6l gegeben wurde (im Moment nur f\u00fcr den pers\u00f6nlichen Gebrauch) ist \u201e<strong>Orgolio<\/strong>\u201c, genau um die Freude und Zufriedenheit nach der Ernte mit Freunden zu unterstreichen.\u00a0<\/p>\n\n\n\n<figure class=\"wp-block-gallery alignwide has-nested-images columns-default is-cropped wp-block-gallery-3 is-layout-flex wp-block-gallery-is-layout-flex\">\n<figure class=\"wp-block-image size-full\"><img loading=\"lazy\" decoding=\"async\" width=\"768\" height=\"1024\" data-id=\"168\" src=\"https:\/\/pecoranera.info\/de\/wp-content\/uploads\/2022\/02\/PECORANERA_orgolio.jpg\" alt=\"\" class=\"wp-image-168\" srcset=\"https:\/\/pecoranera.info\/de\/wp-content\/uploads\/2022\/02\/PECORANERA_orgolio.jpg 768w, https:\/\/pecoranera.info\/de\/wp-content\/uploads\/2022\/02\/PECORANERA_orgolio-225x300.jpg 225w\" sizes=\"auto, (max-width: 768px) 100vw, 768px\" \/><\/figure>\n\n\n\n<figure class=\"wp-block-image size-large\"><img loading=\"lazy\" decoding=\"async\" width=\"581\" height=\"1024\" data-id=\"167\" src=\"https:\/\/pecoranera.info\/de\/wp-content\/uploads\/2022\/02\/PECORANERA_olive-581x1024.jpg\" alt=\"\" class=\"wp-image-167\" srcset=\"https:\/\/pecoranera.info\/de\/wp-content\/uploads\/2022\/02\/PECORANERA_olive-581x1024.jpg 581w, https:\/\/pecoranera.info\/de\/wp-content\/uploads\/2022\/02\/PECORANERA_olive-170x300.jpg 170w, https:\/\/pecoranera.info\/de\/wp-content\/uploads\/2022\/02\/PECORANERA_olive.jpg 613w\" sizes=\"auto, (max-width: 581px) 100vw, 581px\" \/><\/figure>\n<\/figure>\n\n\n\n<p>Im Jahr 2020 nahm Massimiliano mit seinem \u201eOrgolio di Pecoranera\u201c an der Amateursektion des regionalen Wettbewerbs f\u00fcr natives Oliven\u00f6l extra \u201eIl Novello dell&#8217;Emilia Romagna\u201c teil, der von der Gemeinde Montegridolfo in Zusammenarbeit mit O.L.E.A. und ARPO gef\u00f6rdert wurde. Massimiliano wurde f\u00fcr herausragende Leistungen den dritten Platz mit Auszeichnungen belegt.<\/p>\n\n\n\n<p><\/p>\n\n\n\n<h2 class=\"wp-block-heading\"><strong>Das Haus und dar\u00fcber hinaus<\/strong><\/h2>\n\n\n\n<p>Neben der rein landwirtschaftlich genutzten Fl\u00e4che besteht Pecoranera aus einem Herrenhaus mit Blick auf einen gro\u00dfen Garten, der von einer gro\u00dfen jahrhundertealten Eiche und f\u00fcnf gro\u00dfen hundertj\u00e4hrigen Maulbeerb\u00e4umen umgeben ist, an denen im Sommer H\u00e4ngematten aufgeh\u00e4ngt werden. Vom Garten aus beginnt eine Kutschenstra\u00dfe, die im letzten Jahr umgestaltet und durch die Anpflanzung verschiedener Rosensorten und Kletterpflanzen versch\u00f6nert wurde, wodurch ein sehr eindrucksvoller landschaftlicher Effekt erzielt. In die Blutezeit ist der Spazierweg eine olfaktorischen Erlebnis. <\/p>\n\n\n\n<div class=\"wp-block-group alignfull\"><div class=\"wp-block-group__inner-container is-layout-flow wp-block-group-is-layout-flow\">\n<figure class=\"wp-block-gallery alignwide has-nested-images columns-default is-cropped wp-block-gallery-4 is-layout-flex wp-block-gallery-is-layout-flex\">\n<figure class=\"wp-block-image size-full\"><img loading=\"lazy\" decoding=\"async\" width=\"1024\" height=\"768\" data-id=\"155\" src=\"https:\/\/pecoranera.info\/de\/wp-content\/uploads\/2022\/02\/PECORANERA_picnic.jpg\" alt=\"\" class=\"wp-image-155\" srcset=\"https:\/\/pecoranera.info\/de\/wp-content\/uploads\/2022\/02\/PECORANERA_picnic.jpg 1024w, https:\/\/pecoranera.info\/de\/wp-content\/uploads\/2022\/02\/PECORANERA_picnic-300x225.jpg 300w, https:\/\/pecoranera.info\/de\/wp-content\/uploads\/2022\/02\/PECORANERA_picnic-768x576.jpg 768w\" sizes=\"auto, (max-width: 1024px) 100vw, 1024px\" \/><\/figure>\n\n\n\n<figure class=\"wp-block-image size-large\"><img loading=\"lazy\" decoding=\"async\" width=\"768\" height=\"1024\" data-id=\"157\" src=\"https:\/\/pecoranera.info\/de\/wp-content\/uploads\/2022\/02\/PECORANERA_prato-luci-768x1024.jpg\" alt=\"\" class=\"wp-image-157\" srcset=\"https:\/\/pecoranera.info\/de\/wp-content\/uploads\/2022\/02\/PECORANERA_prato-luci-768x1024.jpg 768w, https:\/\/pecoranera.info\/de\/wp-content\/uploads\/2022\/02\/PECORANERA_prato-luci-225x300.jpg 225w, https:\/\/pecoranera.info\/de\/wp-content\/uploads\/2022\/02\/PECORANERA_prato-luci.jpg 810w\" sizes=\"auto, (max-width: 768px) 100vw, 768px\" \/><\/figure>\n\n\n\n<figure class=\"wp-block-image size-full\"><img loading=\"lazy\" decoding=\"async\" width=\"800\" height=\"800\" data-id=\"100\" src=\"https:\/\/pecoranera.info\/de\/wp-content\/uploads\/2022\/02\/PECORANERA_collina-temporale.jpg\" alt=\"\" class=\"wp-image-100\" srcset=\"https:\/\/pecoranera.info\/de\/wp-content\/uploads\/2022\/02\/PECORANERA_collina-temporale.jpg 800w, https:\/\/pecoranera.info\/de\/wp-content\/uploads\/2022\/02\/PECORANERA_collina-temporale-300x300.jpg 300w, https:\/\/pecoranera.info\/de\/wp-content\/uploads\/2022\/02\/PECORANERA_collina-temporale-150x150.jpg 150w, https:\/\/pecoranera.info\/de\/wp-content\/uploads\/2022\/02\/PECORANERA_collina-temporale-768x768.jpg 768w\" sizes=\"auto, (max-width: 800px) 100vw, 800px\" \/><\/figure>\n<\/figure>\n<\/div><\/div>\n\n\n\n<p>In einer unteren Etage und parallel zur Rosenauffahrt befindet sich eine Gr\u00fcnfl\u00e4che, die wir sowohl f\u00fcr die Anpflanzung von Obstb\u00e4umen als auch f\u00fcr Cortenk\u00fcbel f\u00fcr die Bewirtschaftung eines erh\u00f6hten Gem\u00fcsegartens nutzen m\u00f6chten. Dieser Bereich wird auch durchquert, um Zugang zu einem Raum zu erhalten, wo die Besucher die Hundeaktivit\u00e4ten auf dem darunter liegenden Sportplatz verfolgen k\u00f6nnen. Ein multifunktionaler Raum f\u00fcr verschiedene Sportdisziplinen mit Blick auf das Tal steht auch zur Verf\u00fcgung.<\/p>\n\n\n<div class=\"wp-block-image\">\n<figure class=\"alignright size-large is-resized\"><img loading=\"lazy\" decoding=\"async\" width=\"640\" height=\"480\" src=\"https:\/\/pecoranera.info\/de\/wp-content\/uploads\/2022\/03\/fiore-bianco.svg\" alt=\"\" class=\"wp-image-288\" style=\"width:220px;height:164px\"\/><\/figure>\n<\/div>","protected":false},"excerpt":{"rendered":"<p>Pecoranera ist ein nach und nach entstandenes Projekt, einer der Tagtr\u00e4ume von Massimiliano Rossi, der dank seiner Sturheit und oft entgegen der allgemeinen Meinung verwirklicht wurde. Eigentlich ein schwarzes Schaf. Urspr\u00fcnglich fiel es mit seinem Wunsch zusammen, sein Leben als Schauspieler-Synchronsprecher in Mailand mit dem eines \u201eBauern\u201c in den H\u00fcgeln der Romagna abzuwechseln und dann&hellip; <a class=\"more-link\" href=\"https:\/\/pecoranera.info\/de\/what\/\"><span class=\"screen-reader-text\">What<\/span> weiterlesen<\/a><\/p>\n","protected":false},"author":1,"featured_media":0,"parent":0,"menu_order":0,"comment_status":"closed","ping_status":"closed","template":"","meta":{"footnotes":""},"class_list":["post-229","page","type-page","status-publish","hentry","entry"],"_links":{"self":[{"href":"https:\/\/pecoranera.info\/de\/wp-json\/wp\/v2\/pages\/229","targetHints":{"allow":["GET"]}}],"collection":[{"href":"https:\/\/pecoranera.info\/de\/wp-json\/wp\/v2\/pages"}],"about":[{"href":"https:\/\/pecoranera.info\/de\/wp-json\/wp\/v2\/types\/page"}],"author":[{"embeddable":true,"href":"https:\/\/pecoranera.info\/de\/wp-json\/wp\/v2\/users\/1"}],"replies":[{"embeddable":true,"href":"https:\/\/pecoranera.info\/de\/wp-json\/wp\/v2\/comments?post=229"}],"version-history":[{"count":12,"href":"https:\/\/pecoranera.info\/de\/wp-json\/wp\/v2\/pages\/229\/revisions"}],"predecessor-version":[{"id":521,"href":"https:\/\/pecoranera.info\/de\/wp-json\/wp\/v2\/pages\/229\/revisions\/521"}],"wp:attachment":[{"href":"https:\/\/pecoranera.info\/de\/wp-json\/wp\/v2\/media?parent=229"}],"curies":[{"name":"wp","href":"https:\/\/api.w.org\/{rel}","templated":true}]}}