{"id":231,"date":"2022-03-02T02:20:10","date_gmt":"2022-03-02T01:20:10","guid":{"rendered":"https:\/\/pecoranera.info\/?page_id=231"},"modified":"2025-08-19T19:23:07","modified_gmt":"2025-08-19T18:23:07","slug":"when","status":"publish","type":"page","link":"https:\/\/pecoranera.info\/de\/when\/","title":{"rendered":"When"},"content":{"rendered":"\n<div class=\"wp-block-group alignfull\"><div class=\"wp-block-group__inner-container is-layout-flow wp-block-group-is-layout-flow\">\n<div class=\"wp-block-columns alignwide are-vertically-aligned-center tw-cols-stack-md tw-gutter-large is-layout-flex wp-container-core-columns-is-layout-28f84493 wp-block-columns-is-layout-flex\">\n<div class=\"wp-block-column is-vertically-aligned-center is-layout-flow wp-block-column-is-layout-flow\">\n<h2 class=\"wp-block-heading\">Einladend zu jeder Jahreszeit<\/h2>\n\n\n\n<p>Zu jeder Jahreszeit ist Pecoranera gerne Gastgeber f\u00fcr ein erholsames oder energiegeladenes Erlebnis, wie unvergesslich es auch sein mag.<\/p>\n\n\n\n<p>Zus\u00e4tzlich zu den Aktivit\u00e4ten vor Ort liegen wir in der N\u00e4he des Meeres und der Berge,&nbsp;bis hin zu Kunst, Essen und Wein, die die Romagna aufgrund ihrer Vielfalt an Natur, Geschmack, Unterhaltung und Kultur einzigartig machen.<\/p>\n\n\n\n<p><br><br><strong>Enjoy!<\/strong><\/p>\n<\/div>\n\n\n\n<div class=\"wp-block-column is-vertically-aligned-center is-layout-flow wp-block-column-is-layout-flow\">\n<div class=\"wp-block-group has-subtle-background-color has-background\"><div class=\"wp-block-group__inner-container is-layout-flow wp-block-group-is-layout-flow\">\n<h3 class=\"wp-block-heading has-medium-font-size\"><strong>Informationen f\u00fcr Unsere G\u00e4ste:<\/strong><br><\/h3>\n\n\n\n<figure class=\"wp-block-table tw-mt-0 is-style-tw-border-h-inner tw-row-valign-top\"><table><tbody><tr><td>Check-in:<\/td><td>Nach <strong>15:00<\/strong> Uhr<\/td><\/tr><tr><td>Check-out<\/td><td>Bis <strong>11:00<\/strong> Uhr<\/td><\/tr><\/tbody><\/table><figcaption class=\"wp-element-caption\"><br><em>Der Pool steht ausschlie\u00dflich den G\u00e4sten zur Verf\u00fcgung und nicht f\u00fcr die \u00d6ffentlichkeit zug\u00e4nglich<\/em><\/figcaption><\/figure>\n<\/div><\/div>\n<\/div>\n<\/div>\n<\/div><\/div>\n\n\n\n<hr class=\"wp-block-separator has-css-opacity\"\/>\n\n\n\n<div style=\"height:49px\" aria-hidden=\"true\" class=\"wp-block-spacer\"><\/div>\n\n\n\n<div class=\"wp-block-columns alignwide is-layout-flex wp-container-core-columns-is-layout-28f84493 wp-block-columns-is-layout-flex\">\n<div class=\"wp-block-column has-text-color has-background has-link-color wp-elements-71f1db092403c383e222fd9e30f6c5d4 is-layout-flow wp-block-column-is-layout-flow\" style=\"color:#000000;background-color:#ffe97d;padding-top:2em;padding-right:2em;padding-bottom:2em;padding-left:2em\">\n<h2 class=\"wp-block-heading\" id=\"single\" style=\"font-size:40px\"><strong>Hauptsaison<\/strong><\/h2>\n\n\n\n<p class=\"has-normal-font-size\" style=\"line-height:1.5\"><strong>Vom 15. April bis 15. September<\/strong><\/p>\n\n\n\n<hr class=\"wp-block-separator has-text-color has-css-opacity has-background is-style-wide\" style=\"background-color:#000000;color:#000000\"\/>\n\n\n\n<div class=\"wp-block-buttons alignfull is-horizontal is-content-justification-center is-layout-flex wp-container-core-buttons-is-layout-03627597 wp-block-buttons-is-layout-flex\">\n<div class=\"wp-block-button has-custom-width wp-block-button__width-100\"><a class=\"wp-block-button__link has-white-color has-text-color has-background no-border-radius wp-element-button\" href=\"https:\/\/pecoranera.info\/de\/who\/\" style=\"background-color:#000000\">\u20ac250 \/ Nacht<\/a><\/div>\n<\/div>\n<\/div>\n\n\n\n<div class=\"wp-block-column has-text-color has-background has-link-color wp-elements-8a6c7f10918515266f4ff29c7d7e054b is-layout-flow wp-block-column-is-layout-flow\" style=\"color:#000000;background-color:#d1d1e1;padding-top:2em;padding-right:2em;padding-bottom:2em;padding-left:2em\">\n<h2 class=\"wp-block-heading\" id=\"family\" style=\"font-size:40px\"><strong>Nebensaison<\/strong><\/h2>\n\n\n\n<p class=\"has-normal-font-size\" style=\"line-height:1.5\"><strong>Vom 16. Oktober bis 14. April<\/strong><\/p>\n\n\n\n<hr class=\"wp-block-separator has-css-opacity is-style-wide\"\/>\n\n\n\n<div class=\"wp-block-buttons alignfull is-horizontal is-content-justification-center is-layout-flex wp-container-core-buttons-is-layout-03627597 wp-block-buttons-is-layout-flex\">\n<div class=\"wp-block-button has-custom-width wp-block-button__width-100 is-style-fill\"><a class=\"wp-block-button__link has-white-color has-text-color has-background no-border-radius wp-element-button\" href=\"https:\/\/pecoranera.info\/de\/who\/\" style=\"background-color:#000000\">\u20ac180 \/ Nacht<\/a><\/div>\n<\/div>\n<\/div>\n<\/div>\n\n\n\n<div class=\"wp-block-group alignfull\"><div class=\"wp-block-group__inner-container is-layout-flow wp-block-group-is-layout-flow\">\n<figure class=\"wp-block-gallery alignwide has-nested-images columns-default is-cropped wp-block-gallery-1 is-layout-flex wp-block-gallery-is-layout-flex\">\n<figure class=\"wp-block-image size-large\"><img loading=\"lazy\" decoding=\"async\" width=\"768\" height=\"1024\" data-id=\"142\" src=\"https:\/\/pecoranera.info\/de\/wp-content\/uploads\/2022\/02\/PECORANERA_finestra-panorama-768x1024.jpg\" alt=\"\" class=\"wp-image-142\" srcset=\"https:\/\/pecoranera.info\/de\/wp-content\/uploads\/2022\/02\/PECORANERA_finestra-panorama-768x1024.jpg 768w, https:\/\/pecoranera.info\/de\/wp-content\/uploads\/2022\/02\/PECORANERA_finestra-panorama-225x300.jpg 225w, https:\/\/pecoranera.info\/de\/wp-content\/uploads\/2022\/02\/PECORANERA_finestra-panorama.jpg 810w\" sizes=\"auto, (max-width: 768px) 100vw, 768px\" \/><\/figure>\n\n\n\n<figure class=\"wp-block-image size-large\"><img loading=\"lazy\" decoding=\"async\" width=\"720\" height=\"1024\" data-id=\"137\" src=\"https:\/\/pecoranera.info\/de\/wp-content\/uploads\/2022\/02\/PECORANERA_dettaglio-sala-720x1024.jpg\" alt=\"\" class=\"wp-image-137\" srcset=\"https:\/\/pecoranera.info\/de\/wp-content\/uploads\/2022\/02\/PECORANERA_dettaglio-sala-720x1024.jpg 720w, https:\/\/pecoranera.info\/de\/wp-content\/uploads\/2022\/02\/PECORANERA_dettaglio-sala-211x300.jpg 211w, https:\/\/pecoranera.info\/de\/wp-content\/uploads\/2022\/02\/PECORANERA_dettaglio-sala.jpg 759w\" sizes=\"auto, (max-width: 720px) 100vw, 720px\" \/><\/figure>\n\n\n\n<figure class=\"wp-block-image size-large\"><img loading=\"lazy\" decoding=\"async\" width=\"1024\" height=\"748\" data-id=\"128\" src=\"https:\/\/pecoranera.info\/de\/wp-content\/uploads\/2022\/02\/PECORANERA_esterno-piscina-1024x748.jpg\" alt=\"\" class=\"wp-image-128\" srcset=\"https:\/\/pecoranera.info\/de\/wp-content\/uploads\/2022\/02\/PECORANERA_esterno-piscina-1024x748.jpg 1024w, https:\/\/pecoranera.info\/de\/wp-content\/uploads\/2022\/02\/PECORANERA_esterno-piscina-300x219.jpg 300w, https:\/\/pecoranera.info\/de\/wp-content\/uploads\/2022\/02\/PECORANERA_esterno-piscina-768x561.jpg 768w, https:\/\/pecoranera.info\/de\/wp-content\/uploads\/2022\/02\/PECORANERA_esterno-piscina.jpg 1080w\" sizes=\"auto, (max-width: 1024px) 100vw, 1024px\" \/><\/figure>\n<\/figure>\n<\/div><\/div>\n\n\n\n<div style=\"height:45px\" aria-hidden=\"true\" class=\"wp-block-spacer\"><\/div>\n\n\n\n<div class=\"wp-block-columns is-layout-flex wp-container-core-columns-is-layout-28f84493 wp-block-columns-is-layout-flex\">\n<div class=\"wp-block-column is-layout-flow wp-block-column-is-layout-flow\" style=\"--col-width:66.66%;flex-basis:66.66%\">\n<h3 class=\"wp-block-heading has-text-align-left\"><br><a rel=\"noreferrer noopener\" href=\"https:\/\/goo.gl\/maps\/fAz6D2GnkEFGn9Fm9\" data-type=\"URL\" data-id=\"https:\/\/goo.gl\/maps\/fAz6D2GnkEFGn9Fm9\" target=\"_blank\"><strong>Google Reviews<\/strong><\/a><\/h3>\n\n\n\n<h3 class=\"wp-block-heading has-text-align-left\"><a href=\"https:\/\/goo.gl\/maps\/fAz6D2GnkEFGn9Fm9\" data-type=\"URL\" data-id=\"https:\/\/goo.gl\/maps\/fAz6D2GnkEFGn9Fm9\" target=\"_blank\" rel=\"noreferrer noopener\">5.0 \u2605\u2605\u2605\u2605\u2605<\/a><\/h3>\n\n\n\n<h2 class=\"wp-block-heading has-text-align-center\"><br><\/h2>\n<\/div>\n\n\n\n<div class=\"wp-block-column is-layout-flow wp-block-column-is-layout-flow\" style=\"--col-width:33.33%;flex-basis:33.33%\">\n<figure class=\"wp-block-image size-large is-style-tw-frame\"><img loading=\"lazy\" decoding=\"async\" width=\"1024\" height=\"1024\" src=\"https:\/\/pecoranera.info\/de\/wp-content\/uploads\/2022\/03\/PECORANERA-MARCHIO-ECCELLENZA-AGRITURISMO-ITALIA-1024x1024.png\" alt=\"\" class=\"wp-image-387\" srcset=\"https:\/\/pecoranera.info\/de\/wp-content\/uploads\/2022\/03\/PECORANERA-MARCHIO-ECCELLENZA-AGRITURISMO-ITALIA-1024x1024.png 1024w, https:\/\/pecoranera.info\/de\/wp-content\/uploads\/2022\/03\/PECORANERA-MARCHIO-ECCELLENZA-AGRITURISMO-ITALIA-300x300.png 300w, https:\/\/pecoranera.info\/de\/wp-content\/uploads\/2022\/03\/PECORANERA-MARCHIO-ECCELLENZA-AGRITURISMO-ITALIA-150x150.png 150w, https:\/\/pecoranera.info\/de\/wp-content\/uploads\/2022\/03\/PECORANERA-MARCHIO-ECCELLENZA-AGRITURISMO-ITALIA-768x768.png 768w, https:\/\/pecoranera.info\/de\/wp-content\/uploads\/2022\/03\/PECORANERA-MARCHIO-ECCELLENZA-AGRITURISMO-ITALIA.png 1080w\" sizes=\"auto, (max-width: 1024px) 100vw, 1024px\" \/><\/figure>\n<\/div>\n<\/div>\n\n\n\n<div style=\"height:53px\" aria-hidden=\"true\" class=\"wp-block-spacer\"><\/div>\n\n\n\n<hr class=\"wp-block-separator has-css-opacity is-style-default\"\/>\n\n\n<div class=\"wp-block-image is-style-rounded\">\n<figure class=\"aligncenter size-large is-resized\"><img decoding=\"async\" src=\"https:\/\/s.w.org\/images\/core\/5.8\/portrait.jpg\" alt=\"Profilo di una donna con un maglione dolcevita ruggine e borsa bianca. Sta guardando in alto con gli occhi chiusi.\" style=\"width:150px;height:150px\"\/><\/figure>\n<\/div>\n\n\n<blockquote class=\"wp-block-quote has-text-align-center is-style-large is-layout-flow wp-block-quote-is-layout-flow\">\n<p>&#8222;Der Ort ist magisch, eingebettet in die Ruhe und das Gr\u00fcn der H\u00fcgel der Romagna. Die Aussicht ist atemberaubend!&#8220;<\/p>\n<cite>\u2014 Barbara A. \u2605\u2605\u2605\u2605\u2605<\/cite><\/blockquote>\n\n\n\n<hr class=\"wp-block-separator has-css-opacity is-style-default\"\/>\n\n\n<div class=\"wp-block-image decoro\">\n<figure class=\"alignright size-large is-resized\"><img loading=\"lazy\" decoding=\"async\" width=\"640\" height=\"480\" src=\"https:\/\/pecoranera.info\/de\/wp-content\/uploads\/2022\/03\/cocktail.svg\" alt=\"\" class=\"wp-image-286\" style=\"width:221px;height:165px\"\/><\/figure>\n<\/div>","protected":false},"excerpt":{"rendered":"<p>Einladend zu jeder Jahreszeit Zu jeder Jahreszeit ist Pecoranera gerne Gastgeber f\u00fcr ein erholsames oder energiegeladenes Erlebnis, wie unvergesslich es auch sein mag. Zus\u00e4tzlich zu den Aktivit\u00e4ten vor Ort liegen wir in der N\u00e4he des Meeres und der Berge,&nbsp;bis hin zu Kunst, Essen und Wein, die die Romagna aufgrund ihrer Vielfalt an Natur, Geschmack, Unterhaltung&hellip; <a class=\"more-link\" href=\"https:\/\/pecoranera.info\/de\/when\/\"><span class=\"screen-reader-text\">When<\/span> weiterlesen<\/a><\/p>\n","protected":false},"author":1,"featured_media":0,"parent":0,"menu_order":0,"comment_status":"closed","ping_status":"closed","template":"","meta":{"footnotes":""},"class_list":["post-231","page","type-page","status-publish","hentry","entry"],"_links":{"self":[{"href":"https:\/\/pecoranera.info\/de\/wp-json\/wp\/v2\/pages\/231","targetHints":{"allow":["GET"]}}],"collection":[{"href":"https:\/\/pecoranera.info\/de\/wp-json\/wp\/v2\/pages"}],"about":[{"href":"https:\/\/pecoranera.info\/de\/wp-json\/wp\/v2\/types\/page"}],"author":[{"embeddable":true,"href":"https:\/\/pecoranera.info\/de\/wp-json\/wp\/v2\/users\/1"}],"replies":[{"embeddable":true,"href":"https:\/\/pecoranera.info\/de\/wp-json\/wp\/v2\/comments?post=231"}],"version-history":[{"count":12,"href":"https:\/\/pecoranera.info\/de\/wp-json\/wp\/v2\/pages\/231\/revisions"}],"predecessor-version":[{"id":551,"href":"https:\/\/pecoranera.info\/de\/wp-json\/wp\/v2\/pages\/231\/revisions\/551"}],"wp:attachment":[{"href":"https:\/\/pecoranera.info\/de\/wp-json\/wp\/v2\/media?parent=231"}],"curies":[{"name":"wp","href":"https:\/\/api.w.org\/{rel}","templated":true}]}}