{"id":233,"date":"2022-03-02T02:20:24","date_gmt":"2022-03-02T01:20:24","guid":{"rendered":"https:\/\/pecoranera.info\/?page_id=233"},"modified":"2025-01-08T19:51:53","modified_gmt":"2025-01-08T18:51:53","slug":"where","status":"publish","type":"page","link":"https:\/\/pecoranera.info\/de\/where\/","title":{"rendered":"Where"},"content":{"rendered":"<div class=\"wp-block-image\">\n<figure class=\"alignright size-full is-resized\"><a href=\"https:\/\/borghipiubelliditalia.it\/en\/borgo\/bertinoro\/\" target=\"_blank\" rel=\" noreferrer noopener\"><img loading=\"lazy\" decoding=\"async\" width=\"408\" height=\"798\" src=\"https:\/\/pecoranera.info\/de\/wp-content\/uploads\/2025\/01\/borghi-piu-belli-italia-bertinoro.jpg\" alt=\"\" class=\"wp-image-545\" style=\"width:105px;height:auto\" srcset=\"https:\/\/pecoranera.info\/de\/wp-content\/uploads\/2025\/01\/borghi-piu-belli-italia-bertinoro.jpg 408w, https:\/\/pecoranera.info\/de\/wp-content\/uploads\/2025\/01\/borghi-piu-belli-italia-bertinoro-153x300.jpg 153w\" sizes=\"auto, (max-width: 408px) 100vw, 408px\" \/><\/a><figcaption class=\"wp-element-caption\"><em>&#8222;<em>Einige<\/em> der <em>sch\u00f6nsten D\u00f6rfer Italiens<\/em>&#8222;<\/em><\/figcaption><\/figure>\n<\/div>\n\n\n<p><strong>Pecoranera<\/strong> liegt in <strong>Bertinoro<\/strong> im Weiler Bracciano, an der Stra\u00dfe, die vom Zentrum von Bertinoro nach Cesena f\u00fchrt (in der Via Cerbiano). 500 Meter nach der Abzweigung Richtung Polenta\/Collinello nehmen Sie links eine kleine, derzeit unbefestigte Stra\u00dfe, die zum Tor des Grundst\u00fccks f\u00fchrt.<\/p>\n\n\n\n<p>Sobald wir eintreten, finden wir auf der rechten Seite das Haupthaus und den Zugang zum Garten, w\u00e4hrend sich auf der linken Seite, der Raum befindet, der als Unterschlupf von Ziegen und Esel dient, wie auch der H\u00fchnerstall mit G\u00e4nsen und H\u00fchnern.<\/p>\n\n\n\n<figure class=\"wp-block-image size-large\"><img loading=\"lazy\" decoding=\"async\" width=\"1024\" height=\"768\" src=\"https:\/\/pecoranera.info\/de\/wp-content\/uploads\/2022\/02\/PECORANERA_corte-notte-luci-1024x768.jpg\" alt=\"\" class=\"wp-image-104\" srcset=\"https:\/\/pecoranera.info\/de\/wp-content\/uploads\/2022\/02\/PECORANERA_corte-notte-luci-1024x768.jpg 1024w, https:\/\/pecoranera.info\/de\/wp-content\/uploads\/2022\/02\/PECORANERA_corte-notte-luci-300x225.jpg 300w, https:\/\/pecoranera.info\/de\/wp-content\/uploads\/2022\/02\/PECORANERA_corte-notte-luci-768x576.jpg 768w, https:\/\/pecoranera.info\/de\/wp-content\/uploads\/2022\/02\/PECORANERA_corte-notte-luci-1536x1152.jpg 1536w, https:\/\/pecoranera.info\/de\/wp-content\/uploads\/2022\/02\/PECORANERA_corte-notte-luci-1568x1176.jpg 1568w, https:\/\/pecoranera.info\/de\/wp-content\/uploads\/2022\/02\/PECORANERA_corte-notte-luci.jpg 1600w\" sizes=\"auto, (max-width: 1024px) 100vw, 1024px\" \/><\/figure>\n\n\n\n<p>Das Herrenhaus ist von einem weitl\u00e4ufigen Garten umgeben. Jedes Pflanzenelement wurde so konzipiert, dass es sich optimal an den landwirtschaftlichen Kontext, in dem wir uns befinden, an die spezifischen klimatischen Bedingungen anpasst, und vor allem wurde es so konzipiert, dass es angesichts der Wasserknappheit w\u00e4hrend der Sommersaison keine \u00fcberm\u00e4\u00dfige Wartung und Bew\u00e4sserung erfordert.<\/p>\n\n\n\n<p>Zeugen der Geschichte dieses Bauernhofs sind die imposante Eiche, die den Garten dominiert, und die f\u00fcnf alten Maulbeerb\u00e4ume, die in der hei\u00dfen Jahreszeit dazu dienen, unter ihren gro\u00dfen Bl\u00e4ttern Ruhe zu genie\u00dfen, gebettet in den an ihnen verankerten H\u00e4ngematten.<\/p>\n\n\n\n<figure class=\"wp-block-image size-full\"><img loading=\"lazy\" decoding=\"async\" width=\"960\" height=\"720\" src=\"https:\/\/pecoranera.info\/de\/wp-content\/uploads\/2022\/02\/PECORANERA_finestra-cucina.jpg\" alt=\"\" class=\"wp-image-200\" srcset=\"https:\/\/pecoranera.info\/de\/wp-content\/uploads\/2022\/02\/PECORANERA_finestra-cucina.jpg 960w, https:\/\/pecoranera.info\/de\/wp-content\/uploads\/2022\/02\/PECORANERA_finestra-cucina-300x225.jpg 300w, https:\/\/pecoranera.info\/de\/wp-content\/uploads\/2022\/02\/PECORANERA_finestra-cucina-768x576.jpg 768w\" sizes=\"auto, (max-width: 960px) 100vw, 960px\" \/><\/figure>\n\n\n\n<p>Unter dem gro\u00dfen Panoramafenster der K\u00fcche, von dem aus Sie einen atemberaubenden Ausblick genie\u00dfen k\u00f6nnen, befinden sich zwei gro\u00dfe Corten-Aquarien, in denen Wasserpflanzen und Fische und im Sommer auch Hunderte von Fr\u00f6schen leben. Von dort aus f\u00e4llt das Gel\u00e4nde bis zum Bereich des Nebengeb\u00e4udes ab. Vor einigen Jahren wurden in diesem H\u00f6henunterschied mehrj\u00e4hrige krautige Pflanzen und Gr\u00e4ser gepflanzt, die eine kontinuierliche Bl\u00fcte im Sommer gew\u00e4hrleisten.<\/p>\n\n\n\n<p>Jenseits des Gartens wurde die Auffahrt, die einst zu einem anderen Grundst\u00fcck f\u00fchrte, in einen Spazierweg umgewandelt, der durch Portale aus entrindeten Kastanienstangen gekennzeichnet ist.&nbsp; Die Kastanienstangen erstrecken sich \u00fcber die gesamte Breite des Weges&nbsp; neben Apfelb\u00e4umen, Kirschen, Aprikosen, Feigen, Granatapfel und vergessene Fr\u00fcchte. Die Portale sind mit Kletterrosen bedeckt und am Fu\u00dfe ist ein langer Rand aus Muskatrosenhybriden, bl\u00fchenden Str\u00e4uchern und Stauden. Die Route verblasst dann in Richtung der Agrarlandschaft im Westen, wo sich die Portale in die vorhandenen Obstpflanzen integrieren. Die Vegetation, die in der N\u00e4he des Hauses reicher und \u00fcppiger ist, wird nach und nach einfacher, bis sie sich auf den Feldwegen zwischen Olivenb\u00e4umen und Ginster bewegt. Neben den Rosen, die den Besucher mit ihren Bl\u00fcten f\u00f6rmlich umgeben ist der Weg auch von mehrj\u00e4hrigen krautigen Pflanzen gepr\u00e4gt: Zistrose, Eisenkraut, Perowskie, Rudbeckie sorgen f\u00fcr eine kontinuierliche Bl\u00fcte auch wenn die \u00dcppigkeit der Rosen durch die starke Sommerhitze ged\u00e4mpft wird. Geplant ist die Einbeziehung von Beerenpflanzen um den Gesamteffekt zu verst\u00e4rken.<\/p>\n\n\n\n<figure class=\"wp-block-image size-large\"><img loading=\"lazy\" decoding=\"async\" width=\"768\" height=\"1024\" src=\"https:\/\/pecoranera.info\/de\/wp-content\/uploads\/2022\/02\/PECORANERA_cena-bordo-piscina-768x1024.jpg\" alt=\"\" class=\"wp-image-121\" srcset=\"https:\/\/pecoranera.info\/de\/wp-content\/uploads\/2022\/02\/PECORANERA_cena-bordo-piscina-768x1024.jpg 768w, https:\/\/pecoranera.info\/de\/wp-content\/uploads\/2022\/02\/PECORANERA_cena-bordo-piscina-225x300.jpg 225w, https:\/\/pecoranera.info\/de\/wp-content\/uploads\/2022\/02\/PECORANERA_cena-bordo-piscina.jpg 810w\" sizes=\"auto, (max-width: 768px) 100vw, 768px\" \/><\/figure>\n\n\n\n<p>Die Ostseite des Grundst\u00fccks besteht aus einer Reihe von H\u00f6henunterschieden, die in einer gro\u00dfen Rasenfl\u00e4che mit Blick auf die herrliche umliegende H\u00fcgellandschaft gipfeln: einer nat\u00fcrlichen Panoramaterrasse. Die Ebene unterhalb des Rosenwegs ist in kurzer Entfernung mit dem Schwimmbadbereich verbunden.<\/p>\n\n\n\n<figure class=\"wp-block-image alignwide size-full is-style-tw-border\"><img loading=\"lazy\" decoding=\"async\" width=\"1080\" height=\"720\" src=\"https:\/\/pecoranera.info\/de\/wp-content\/uploads\/2022\/03\/Clemente-piscina_campolargo_redux.jpg\" alt=\"\" class=\"wp-image-398\" srcset=\"https:\/\/pecoranera.info\/de\/wp-content\/uploads\/2022\/03\/Clemente-piscina_campolargo_redux.jpg 1080w, https:\/\/pecoranera.info\/de\/wp-content\/uploads\/2022\/03\/Clemente-piscina_campolargo_redux-300x200.jpg 300w, https:\/\/pecoranera.info\/de\/wp-content\/uploads\/2022\/03\/Clemente-piscina_campolargo_redux-1024x683.jpg 1024w, https:\/\/pecoranera.info\/de\/wp-content\/uploads\/2022\/03\/Clemente-piscina_campolargo_redux-768x512.jpg 768w\" sizes=\"auto, (max-width: 1080px) 100vw, 1080px\" \/><\/figure>\n\n\n\n<p>Eine Reihe von \u201eZimmern\u201c&nbsp; stellen zur Verf\u00fcgung den G\u00e4sten&nbsp; und sie k\u00f6nnen tags\u00fcber als Raum der Ruhe, Erholung und Schatten oder abends als \u201eprivate Lounge\u201c dienen. Die Idee besteht darin, Pergolen mit Erdbeerpflanzen zu schaffen, die nach Abschluss des Wachstums den Effekt eines echten Gr\u00fcndachs mit pr\u00e4chtigen Trauben haben, die die Landschaft umrahmen und duften. Die als Entspannungsbereiche konzipierten Strukturen k\u00f6nnen mit Sofas, H\u00e4ngematten usw. ausgestattet werden und bei Veranstaltungen wie Konzerten oder Hundeausstellungen zu kleinen St\u00e4nden werden, um die Show zu jeder Tages- und Nachtzeit zu genie\u00dfen.<\/p>\n\n\n\n<p>Die letzte Ebene vor dem Olivenhain wird derzeit als Sportplatz f\u00fcr Hunde-Agility-Training genutzt, kann aber als gro\u00dfer Multifunktionsraum betrachtet werden.<\/p>\n\n\n\n<figure class=\"wp-block-image size-full\"><img loading=\"lazy\" decoding=\"async\" width=\"960\" height=\"720\" src=\"https:\/\/pecoranera.info\/de\/wp-content\/uploads\/2022\/02\/PECORANERA_agility.jpg\" alt=\"\" class=\"wp-image-198\" srcset=\"https:\/\/pecoranera.info\/de\/wp-content\/uploads\/2022\/02\/PECORANERA_agility.jpg 960w, https:\/\/pecoranera.info\/de\/wp-content\/uploads\/2022\/02\/PECORANERA_agility-300x225.jpg 300w, https:\/\/pecoranera.info\/de\/wp-content\/uploads\/2022\/02\/PECORANERA_agility-768x576.jpg 768w\" sizes=\"auto, (max-width: 960px) 100vw, 960px\" \/><\/figure>\n\n\n\n<p>Um die Verbindung mit der umliegenden Landschaft zu verbessernwird der Rand dieser gro\u00dfen Wiese mit einem Vorhang aus Ginster (einer f\u00fcr diese Vorgebirgsumgebungen typischen Pionierpflanze) geschm\u00fcckt, damit sie die Ufer aller Gebiete besiedeln k\u00f6nnen eben bis zur Rosenallee. Die Wirkung der Bl\u00fcte ist enorm; die B\u00f6schung erstrahlt in diesem besonderen Moment in D\u00fcften und goldenen Reflexen und ist der perfekte gr\u00fcne Hintergrund f\u00fcr Veranstaltungen aller Art.<\/p>\n\n\n\n<figure class=\"wp-block-image size-full\"><img loading=\"lazy\" decoding=\"async\" width=\"1024\" height=\"768\" src=\"https:\/\/pecoranera.info\/de\/wp-content\/uploads\/2022\/02\/PECORANERA_collina.jpg\" alt=\"\" class=\"wp-image-161\" srcset=\"https:\/\/pecoranera.info\/de\/wp-content\/uploads\/2022\/02\/PECORANERA_collina.jpg 1024w, https:\/\/pecoranera.info\/de\/wp-content\/uploads\/2022\/02\/PECORANERA_collina-300x225.jpg 300w, https:\/\/pecoranera.info\/de\/wp-content\/uploads\/2022\/02\/PECORANERA_collina-768x576.jpg 768w\" sizes=\"auto, (max-width: 1024px) 100vw, 1024px\" \/><\/figure>\n\n\n\n<p>Um ein harmonisches Umfeld zu schaffen, das die Artenvielfalt auf dem Bauernhof beg\u00fcnstigt, alte einheimische und heute wenig bekannte Sorten (die sogenannten vergessenen Fr\u00fcchte) wie Volpina-Birne, Schlehe und Kornelkirsche wiederzugewinnen , Vogelbeeren, Granat\u00e4pfel gepflanzt wurden. Ein Vorhang aus Haselnuss- und Mandelb\u00e4umen, die sich abwechseln, dient als Sichtschutz zwischen dem neuen Olivenhain und der Stra\u00dfe, die zu den Weinbergen f\u00fchrt, und der alte Jujubebaum, der einst an dem abgerissenen Haus lehnte.<\/p>\n\n\n\n<h2 class=\"wp-block-heading\" id=\"bertinoro\"><strong>Bertinoro<\/strong><\/h2>\n\n\n\n<p>Das Gebiet, in dem Pecoranera liegt, der Bertinoro-H\u00fcgel, ist ein Dorf mittelalterlichen Ursprungs, das aufgrund des herrlichen Panoramas auf das Meer, die Ebene der Romagna und den ersten H\u00fcgel, das man von jedem Punkt aus genie\u00dfen kann, als \u201eBalkon der Romagna\u201c bezeichnet wird.&nbsp;<\/p>\n\n\n\n<p>Es handelt sich um eines der h\u00fcgeligen Gebiete der Region, in denen am meisten Wein angebaut wird; rund um das Dorf gibt es etwa tausend Hektar Weinberge (haupts\u00e4chlich Sangiovese und Albana), aber auch die einheimischen Rebsorten Cagnina und Pagadebit.&nbsp;<\/p>\n\n\n\n<p>Die Entscheidung, in Pecoranera R\u00e4ume zu schaffen und G\u00e4ste willkommen zu hei\u00dfen, passt perfekt zur bertinoresischen Tradition: auf dem zentralen Platz der Stadt befindet sich die ber\u00fchmte <strong>S\u00e4ule der Gastfreundschaft<\/strong>.<\/p>\n\n\n\n<figure class=\"wp-block-image size-large\"><img loading=\"lazy\" decoding=\"async\" width=\"1024\" height=\"575\" src=\"https:\/\/pecoranera.info\/de\/wp-content\/uploads\/2022\/02\/PECORANERA_panorama-bertinoro-1024x575.jpg\" alt=\"\" class=\"wp-image-117\" srcset=\"https:\/\/pecoranera.info\/de\/wp-content\/uploads\/2022\/02\/PECORANERA_panorama-bertinoro-1024x575.jpg 1024w, https:\/\/pecoranera.info\/de\/wp-content\/uploads\/2022\/02\/PECORANERA_panorama-bertinoro-300x169.jpg 300w, https:\/\/pecoranera.info\/de\/wp-content\/uploads\/2022\/02\/PECORANERA_panorama-bertinoro-768x432.jpg 768w, https:\/\/pecoranera.info\/de\/wp-content\/uploads\/2022\/02\/PECORANERA_panorama-bertinoro-1536x863.jpg 1536w, https:\/\/pecoranera.info\/de\/wp-content\/uploads\/2022\/02\/PECORANERA_panorama-bertinoro-1568x881.jpg 1568w, https:\/\/pecoranera.info\/de\/wp-content\/uploads\/2022\/02\/PECORANERA_panorama-bertinoro.jpg 1600w\" sizes=\"auto, (max-width: 1024px) 100vw, 1024px\" \/><\/figure>\n\n\n\n<p>Die S\u00e4ule stammt aus dem Jahr 1218 und ist auch heute noch ein Grund zum Feiern, wenn jedes Jahr im September die H\u00e4user der Bertinoresi f\u00fcr G\u00e4ste ge\u00f6ffnet werden, die zum Tourismus, zum Lernen oder zum Freundschaften kommen um ihnen am Tag der Feier das romagnolische Mittagessen anzubieten. Anl\u00e4sslich dieses Tages m\u00f6chte Pecoranera an der Tradition festhalten, ein paar \u201eAusl\u00e4nder\u201c zu beherbergen, ihnen eine \u00dcbernachtung und ein Fr\u00fchst\u00fcck anzubieten und einen gemeinsamen Tag zu verbringen, um auf diese Weise den Wert des Austauschs und der Vielfalt zu feiern, Aktivit\u00e4ten durchzuf\u00fchren und gemeinsam zu Mittag essen. Essen ist ein weiteres starkes Element dieser Gegend: Bertinoro ist voller Restaurants, Tavernen, Trattorien und Erfrischungspunkten, wo Sie die Gastronomie der Romagna auf h\u00f6chstem Niveau genie\u00dfen k\u00f6nnen.<\/p>\n\n\n\n<p>Beim Pecoranera-Projekt besteht der Wunsch, die Synergien mit anderen lokalen Unternehmen, die sich mit Essen und Wein befassen, optimal zu nutzen. Mit Blick auf den H\u00fcgel befindet sich die Rocca, die gut restauriert wurde und heute das Universit\u00e4tswohnzentrum und das Interreligi\u00f6se Museum beherbergt. Zu den ber\u00fchmtesten G\u00e4sten, die die Gastfreundschaft von Bertinore genie\u00dfen konnten, geh\u00f6rte sogar Dante Alighieri: In den H\u00fcgeln rund um das Dorf gibt es Polenta, aus der Guido da Polenta, Herr von Ravenna, der den verbannten Dichter begr\u00fc\u00dfte, der sicherlich in der antiken Pieve von Lombard Halt machte Ursprungs, heute noch hervorragend erhalten.<\/p>\n\n\n\n<p>Vom 2. bis 5. September 2021 widmete die 95. Ausgabe des Bertinoro Hospitality Festival eine Reihe kultureller Veranstaltungen zu Ehren des gr\u00f6\u00dften Dichters mit dem beredten Titel \u201eVom dunklen Wald zu den Sternen\u201c.&nbsp; Gro\u00dfe Namen der Musik, Unterhaltung und Kultur und einer gro\u00dfen Anzahl von Touristen angezogen werden.&nbsp;<\/p>\n\n\n\n<p>Bertinoro ist Teil der \u201eAuthentischen D\u00f6rfer Italiens\u201c, einem Verein, der kleine und mittlere Gemeinden zusammenbringt, mit dem Ziel, ein Modell f\u00fcr nachhaltige lokale Entwicklung zu schaffen, um das Orte und Menschen respektieren und auf die Aufwertung lokaler Identit\u00e4ten zu achten.<\/p>\n\n\n\n<figure class=\"wp-block-image size-large\"><img loading=\"lazy\" decoding=\"async\" width=\"1024\" height=\"1020\" src=\"https:\/\/pecoranera.info\/de\/wp-content\/uploads\/2022\/02\/PECORANERA_bici-albero-1024x1020.jpg\" alt=\"\" class=\"wp-image-103\" srcset=\"https:\/\/pecoranera.info\/de\/wp-content\/uploads\/2022\/02\/PECORANERA_bici-albero-1024x1020.jpg 1024w, https:\/\/pecoranera.info\/de\/wp-content\/uploads\/2022\/02\/PECORANERA_bici-albero-300x300.jpg 300w, https:\/\/pecoranera.info\/de\/wp-content\/uploads\/2022\/02\/PECORANERA_bici-albero-150x150.jpg 150w, https:\/\/pecoranera.info\/de\/wp-content\/uploads\/2022\/02\/PECORANERA_bici-albero-768x765.jpg 768w, https:\/\/pecoranera.info\/de\/wp-content\/uploads\/2022\/02\/PECORANERA_bici-albero.jpg 1080w\" sizes=\"auto, (max-width: 1024px) 100vw, 1024px\" \/><\/figure>\n\n\n\n<p>Unter den zahlreichen kulturellen, musikalischen und sportlichen Veranstaltungen, die den Sommer auf dem H\u00fcgel bereichern, sind die Durchf\u00fchrung des \u201eGranfondo 9 colli\u201c und des \u201eIronman\u201c-Thriathlon-Wettbewerbs zu erw\u00e4hnen, bei dem die Superman-Teilnehmer nicht nur im Schwimmen gegeneinander antreten Laufen, sogar auf einer 180 km langen Strecke mit dem Fahrrad bis Bertinoro.<\/p>\n\n\n\n<div style=\"height:100px\" aria-hidden=\"true\" class=\"wp-block-spacer\"><\/div>\n\n\n\n<figure><iframe src=\"https:\/\/www.google.com\/maps\/embed?pb=!1m14!1m8!1m3!1d2863.6687116551047!2d12.15384039754929!3d44.13145499611041!3m2!1i1024!2i768!4f13.1!3m3!1m2!1s0x0%3A0x7f33c0e5606778b1!2sPecoranera%20Soc.%20Agr.%20S.r.l.!5e0!3m2!1sen!2sit!4v1646188589721!5m2!1sen!2sit\" width=\"600\" height=\"450\" style=\"border:0;\" allowfullscreen=\"\" loading=\"lazy\"><\/iframe><\/figure>\n\n\n<div class=\"wp-block-image\">\n<figure class=\"aligncenter size-large\"><img loading=\"lazy\" decoding=\"async\" width=\"640\" height=\"480\" src=\"https:\/\/pecoranera.info\/de\/wp-content\/uploads\/2022\/03\/piantina.svg\" alt=\"\" class=\"wp-image-294\"\/><\/figure>\n<\/div>","protected":false},"excerpt":{"rendered":"<p>Pecoranera liegt in Bertinoro im Weiler Bracciano, an der Stra\u00dfe, die vom Zentrum von Bertinoro nach Cesena f\u00fchrt (in der Via Cerbiano). 500 Meter nach der Abzweigung Richtung Polenta\/Collinello nehmen Sie links eine kleine, derzeit unbefestigte Stra\u00dfe, die zum Tor des Grundst\u00fccks f\u00fchrt. Sobald wir eintreten, finden wir auf der rechten Seite das Haupthaus und&hellip; <a class=\"more-link\" href=\"https:\/\/pecoranera.info\/de\/where\/\"><span class=\"screen-reader-text\">Where<\/span> weiterlesen<\/a><\/p>\n","protected":false},"author":1,"featured_media":0,"parent":0,"menu_order":0,"comment_status":"closed","ping_status":"closed","template":"","meta":{"footnotes":""},"class_list":["post-233","page","type-page","status-publish","hentry","entry"],"_links":{"self":[{"href":"https:\/\/pecoranera.info\/de\/wp-json\/wp\/v2\/pages\/233","targetHints":{"allow":["GET"]}}],"collection":[{"href":"https:\/\/pecoranera.info\/de\/wp-json\/wp\/v2\/pages"}],"about":[{"href":"https:\/\/pecoranera.info\/de\/wp-json\/wp\/v2\/types\/page"}],"author":[{"embeddable":true,"href":"https:\/\/pecoranera.info\/de\/wp-json\/wp\/v2\/users\/1"}],"replies":[{"embeddable":true,"href":"https:\/\/pecoranera.info\/de\/wp-json\/wp\/v2\/comments?post=233"}],"version-history":[{"count":13,"href":"https:\/\/pecoranera.info\/de\/wp-json\/wp\/v2\/pages\/233\/revisions"}],"predecessor-version":[{"id":547,"href":"https:\/\/pecoranera.info\/de\/wp-json\/wp\/v2\/pages\/233\/revisions\/547"}],"wp:attachment":[{"href":"https:\/\/pecoranera.info\/de\/wp-json\/wp\/v2\/media?parent=233"}],"curies":[{"name":"wp","href":"https:\/\/api.w.org\/{rel}","templated":true}]}}