{"id":235,"date":"2022-03-02T02:20:38","date_gmt":"2022-03-02T01:20:38","guid":{"rendered":"https:\/\/pecoranera.info\/?page_id=235"},"modified":"2023-11-16T01:16:35","modified_gmt":"2023-11-16T00:16:35","slug":"why","status":"publish","type":"page","link":"https:\/\/pecoranera.info\/de\/why\/","title":{"rendered":"Why"},"content":{"rendered":"\n<p>Ziel des Anwesens ist es, <strong>Pecoranera<\/strong> zu einem besonderen Ort zu machen, an dem Sie nicht nur \u00fcbernachten und lokale Produkte probieren, sondern auch Zeit abseits der Hektik des Alltags in einer Umgebung der Ruhe und Entspannung verbringen k\u00f6nnen. Gleichzeitig stellen wir denjenigen, die Sport-, Freizeit- und Kulturaktivit\u00e4ten durchf\u00fchren m\u00f6chten, die Werkzeuge, Umgebungen und das organisatorische Know-how zur Verf\u00fcgung.<\/p>\n\n\n\n<div class=\"wp-block-group alignfull\"><div class=\"wp-block-group__inner-container is-layout-flow wp-block-group-is-layout-flow\">\n<figure class=\"wp-block-gallery alignwide has-nested-images columns-default is-cropped wp-block-gallery-1 is-layout-flex wp-block-gallery-is-layout-flex\">\n<figure class=\"wp-block-image size-large\"><img loading=\"lazy\" decoding=\"async\" width=\"1024\" height=\"1024\" data-id=\"125\" src=\"https:\/\/pecoranera.info\/de\/wp-content\/uploads\/2022\/02\/PECORANERA_torta-zucchero-1024x1024.jpg\" alt=\"\" class=\"wp-image-125\" srcset=\"https:\/\/pecoranera.info\/de\/wp-content\/uploads\/2022\/02\/PECORANERA_torta-zucchero-1024x1024.jpg 1024w, https:\/\/pecoranera.info\/de\/wp-content\/uploads\/2022\/02\/PECORANERA_torta-zucchero-300x300.jpg 300w, https:\/\/pecoranera.info\/de\/wp-content\/uploads\/2022\/02\/PECORANERA_torta-zucchero-150x150.jpg 150w, https:\/\/pecoranera.info\/de\/wp-content\/uploads\/2022\/02\/PECORANERA_torta-zucchero-768x768.jpg 768w, https:\/\/pecoranera.info\/de\/wp-content\/uploads\/2022\/02\/PECORANERA_torta-zucchero.jpg 1080w\" sizes=\"auto, (max-width: 1024px) 100vw, 1024px\" \/><\/figure>\n\n\n\n<figure class=\"wp-block-image size-large\"><img loading=\"lazy\" decoding=\"async\" width=\"576\" height=\"1024\" data-id=\"132\" src=\"https:\/\/pecoranera.info\/de\/wp-content\/uploads\/2022\/02\/PECORANERA_fontante-notte-576x1024.jpg\" alt=\"\" class=\"wp-image-132\" srcset=\"https:\/\/pecoranera.info\/de\/wp-content\/uploads\/2022\/02\/PECORANERA_fontante-notte-576x1024.jpg 576w, https:\/\/pecoranera.info\/de\/wp-content\/uploads\/2022\/02\/PECORANERA_fontante-notte-169x300.jpg 169w, https:\/\/pecoranera.info\/de\/wp-content\/uploads\/2022\/02\/PECORANERA_fontante-notte.jpg 608w\" sizes=\"auto, (max-width: 576px) 100vw, 576px\" \/><\/figure>\n\n\n\n<figure class=\"wp-block-image size-large\"><img loading=\"lazy\" decoding=\"async\" width=\"1024\" height=\"768\" data-id=\"154\" src=\"https:\/\/pecoranera.info\/de\/wp-content\/uploads\/2022\/02\/PECORANERA_cinema-corte-1024x768.jpg\" alt=\"\" class=\"wp-image-154\" srcset=\"https:\/\/pecoranera.info\/de\/wp-content\/uploads\/2022\/02\/PECORANERA_cinema-corte-1024x768.jpg 1024w, https:\/\/pecoranera.info\/de\/wp-content\/uploads\/2022\/02\/PECORANERA_cinema-corte-300x225.jpg 300w, https:\/\/pecoranera.info\/de\/wp-content\/uploads\/2022\/02\/PECORANERA_cinema-corte-768x576.jpg 768w, https:\/\/pecoranera.info\/de\/wp-content\/uploads\/2022\/02\/PECORANERA_cinema-corte.jpg 1080w\" sizes=\"auto, (max-width: 1024px) 100vw, 1024px\" \/><\/figure>\n<\/figure>\n<\/div><\/div>\n\n\n\n<p>Der Anbau, der sich auf einer niedrigeren Ebene als das Haupthaus befindet, besteht aus drei Schlafzimmern mit Bad und begehbarem Kleiderschrank sowie einer Gemeinschaftsk\u00fcche, die direkt auf den Infinity-Pool mit Blick auf das Tal im S\u00fcden blickt. Das Panorama, das man von dieser Gegend aus genie\u00dfen kann, ver\u00e4ndert sich zu jeder Jahreszeit und zu jeder Tageszeit und beh\u00e4lt dennoch einen Zauber und eine Magie, die die G\u00e4ste in ihren Bann zieht. Die Suche nach einem Aufenthalt inmitten der Farben und Ger\u00e4usche der Natur, und das Bewusstsein des Eigent\u00fcmers, dass ein \u00e4hnlicher Zustand unbedingt mit wenigen Menschen geteilt werden muss, f\u00fchrten zu der Entscheidung, ein reserviertes Projekt zu entwickeln f\u00fcr eine begrenzte Anzahl von G\u00e4sten gleichzeitig. Der Swimmingpool steht ausschlie\u00dflich den \u00dcbernachtungsg\u00e4sten zur Verf\u00fcgung, sodass die G\u00e4ste die Dienstleistungen und die Umgebung von Pecoranera auf private Weise genie\u00dfen k\u00f6nnen.<\/p>\n\n\n\n<figure class=\"wp-block-gallery alignwide has-nested-images columns-default is-cropped wp-block-gallery-2 is-layout-flex wp-block-gallery-is-layout-flex\">\n<figure class=\"wp-block-image size-large\"><img loading=\"lazy\" decoding=\"async\" width=\"1024\" height=\"768\" data-id=\"131\" src=\"https:\/\/pecoranera.info\/de\/wp-content\/uploads\/2022\/02\/PECORANERA_piscina-struttura-1024x768.jpg\" alt=\"\" class=\"wp-image-131\" srcset=\"https:\/\/pecoranera.info\/de\/wp-content\/uploads\/2022\/02\/PECORANERA_piscina-struttura-1024x768.jpg 1024w, https:\/\/pecoranera.info\/de\/wp-content\/uploads\/2022\/02\/PECORANERA_piscina-struttura-300x225.jpg 300w, https:\/\/pecoranera.info\/de\/wp-content\/uploads\/2022\/02\/PECORANERA_piscina-struttura-768x576.jpg 768w, https:\/\/pecoranera.info\/de\/wp-content\/uploads\/2022\/02\/PECORANERA_piscina-struttura.jpg 1080w\" sizes=\"auto, (max-width: 1024px) 100vw, 1024px\" \/><\/figure>\n\n\n\n<figure class=\"wp-block-image size-large\"><img loading=\"lazy\" decoding=\"async\" width=\"1024\" height=\"768\" data-id=\"127\" src=\"https:\/\/pecoranera.info\/de\/wp-content\/uploads\/2022\/02\/PECORANERA_piscina-panorama-1024x768.jpg\" alt=\"\" class=\"wp-image-127\" srcset=\"https:\/\/pecoranera.info\/de\/wp-content\/uploads\/2022\/02\/PECORANERA_piscina-panorama-1024x768.jpg 1024w, https:\/\/pecoranera.info\/de\/wp-content\/uploads\/2022\/02\/PECORANERA_piscina-panorama-300x225.jpg 300w, https:\/\/pecoranera.info\/de\/wp-content\/uploads\/2022\/02\/PECORANERA_piscina-panorama-768x576.jpg 768w, https:\/\/pecoranera.info\/de\/wp-content\/uploads\/2022\/02\/PECORANERA_piscina-panorama-1536x1152.jpg 1536w, https:\/\/pecoranera.info\/de\/wp-content\/uploads\/2022\/02\/PECORANERA_piscina-panorama-1568x1176.jpg 1568w, https:\/\/pecoranera.info\/de\/wp-content\/uploads\/2022\/02\/PECORANERA_piscina-panorama.jpg 1600w\" sizes=\"auto, (max-width: 1024px) 100vw, 1024px\" \/><\/figure>\n<\/figure>\n\n\n\n<blockquote class=\"wp-block-quote is-style-tw-medium is-layout-flow wp-block-quote-is-layout-flow\">\n<p>Zu den entsprechenden Jahreszeiten sind Sportveranstaltungen rund um die Hundeerziehung, Freizeitaktivit\u00e4ten und Kulturveranstaltungen geplant.<\/p>\n<\/blockquote>\n\n\n\n<p>In diesem Zusammenhang erinnern wir uns an die Yogastunden und die Meditation unter der Eiche, aber auch am Pool oder im Gem\u00fcsegarten-Obstgarten Picknicks, Live-Musik und Philosophie- und Poesieunterricht, die fr\u00fcher mit einer Gruppe von Freunden im Schatten der Olivenb\u00e4ume abgehalten wurden.<\/p>\n\n\n\n<p>Die Hundeaktivit\u00e4ten werden in Zusammenarbeit mit dem Zentrum Stardog Village durchgef\u00fchrt, das im Sommer verschiedene Praktika vor Ort durchf\u00fchren will. Die Einbeziehung kompetenter Co-Therapeuten auf dem Gebiet der Zootherapie&nbsp; erm\u00f6glicht.die Nutzung der Anwesenheit anderer Tiere f\u00fcr Haustiertherapie- und Onotherapieprogramme f\u00fcr fragile Patienten wie Kinder und behinderte Menschen.&nbsp;<\/p>\n\n\n\n<p>Der Wunsch besteht darin, die Struktur an einigen Tagen im Jahr f\u00fcr die Zusammenarbeit mit Vereinen zu reservieren, die sich mit Menschen mit sozialen Benachteiligungen befassen, damit diese in Pecoranera den idealen Rahmen finden, um einen nur ihnen gewidmeten Tag zu verbringen.<\/p>\n\n\n\n<p>Was auf den ersten Blick wie Selbstbeschr\u00e4nkung erscheinen mag (d. h. die Entscheidung, nur einer begrenzten Anzahl von Personen Zutritt zu gew\u00e4hren, die ausschlie\u00dfliche Nutzung des Schwimmbads, der Sauna und des Fitnessbereichs), ist tats\u00e4chlich die St\u00e4rke des Projekts, das auf einem basiert Unternehmensphilosophie, <strong>die weit vom Konzept des Massentourismus entfernt ist<\/strong> und auf eine eher begrenzte Zielgruppe von Kunden abzielt.<\/p>\n\n\n\n<figure class=\"wp-block-image size-full\"><img loading=\"lazy\" decoding=\"async\" width=\"1024\" height=\"768\" src=\"https:\/\/pecoranera.info\/de\/wp-content\/uploads\/2022\/02\/PECORANERA_picnic.jpg\" alt=\"\" class=\"wp-image-155\" srcset=\"https:\/\/pecoranera.info\/de\/wp-content\/uploads\/2022\/02\/PECORANERA_picnic.jpg 1024w, https:\/\/pecoranera.info\/de\/wp-content\/uploads\/2022\/02\/PECORANERA_picnic-300x225.jpg 300w, https:\/\/pecoranera.info\/de\/wp-content\/uploads\/2022\/02\/PECORANERA_picnic-768x576.jpg 768w\" sizes=\"auto, (max-width: 1024px) 100vw, 1024px\" \/><\/figure>\n\n\n\n<p>Ein Tourismus, der mit einer tiefgreifenden Ann\u00e4herung an den Ort, an dem Sie \u00fcbernachten, und die Menschen, mit denen Sie Raum und Freizeit teilen, verbunden ist. Ein bewusster, ganzheitlicher Tourismus, bei dem das Entdecken von Orten mit einem gr\u00f6\u00dferen Bewusstsein f\u00fcr sich selbst und die Welt verbunden ist. Aus diesem Grund besteht die Idee darin, den G\u00e4sten von Pecoranera neben <strong>einer Umgebung inmitten der Natur und mit bestem Komfort<\/strong> auch n\u00fctzliche Dienstleistungen f\u00fcr diejenigen zur Verf\u00fcgung zu stellen, die durch K\u00f6rperpflege einen gesunden, entspannten und ruhigen psychophysischen Zustand erreichen m\u00f6chten\u00a0 und warum nicht, sogar Spa\u00df haben.<\/p>\n\n\n\n<blockquote class=\"wp-block-quote is-style-tw-medium is-layout-flow wp-block-quote-is-layout-flow\">\n<p>Eine japanische Studie ergab, dass der Blutdruck und der Cortisolspiegel (das Stresshormon) bei Menschen niedriger sind, wenn sie im Freien spazieren gehen. Und in Pecoranera sind wir wirklich mitten im Gr\u00fcnen!<\/p>\n\n\n\n<p><\/p>\n<\/blockquote>\n\n\n\n<figure class=\"wp-block-image size-large\"><img loading=\"lazy\" decoding=\"async\" width=\"1024\" height=\"576\" src=\"https:\/\/pecoranera.info\/de\/wp-content\/uploads\/2022\/02\/PECORANERA_yoga-1024x576.jpg\" alt=\"\" class=\"wp-image-153\" srcset=\"https:\/\/pecoranera.info\/de\/wp-content\/uploads\/2022\/02\/PECORANERA_yoga-1024x576.jpg 1024w, https:\/\/pecoranera.info\/de\/wp-content\/uploads\/2022\/02\/PECORANERA_yoga-300x169.jpg 300w, https:\/\/pecoranera.info\/de\/wp-content\/uploads\/2022\/02\/PECORANERA_yoga-768x432.jpg 768w, https:\/\/pecoranera.info\/de\/wp-content\/uploads\/2022\/02\/PECORANERA_yoga.jpg 1400w\" sizes=\"auto, (max-width: 1024px) 100vw, 1024px\" \/><\/figure>\n\n\n\n<p><strong>Bertinoro<\/strong> ist eng mit der Welt der Zweir\u00e4der verbunden: Der Ort ist nicht nur ein t\u00e4gliches Ziel f\u00fcr Amateure und Radtouristen, die die Stra\u00dfen und Wege des H\u00fcgels befahren, sondern seit 1971 auch Schauplatz der Erstbesteigung des \u201eGranfondo Nove Colli\u201c, die jedes Jahr beginnt und in Cesenatico endet und nicht nur Bertinoro, sondern auch die H\u00fcgel des Vorapennins von Cesena verbindet.<\/p>\n\n\n\n<figure class=\"wp-block-image size-large\"><img loading=\"lazy\" decoding=\"async\" width=\"1024\" height=\"683\" src=\"https:\/\/pecoranera.info\/de\/wp-content\/uploads\/2022\/02\/PECORANERA_ciclismo-1024x683.jpg\" alt=\"\" class=\"wp-image-118\" srcset=\"https:\/\/pecoranera.info\/de\/wp-content\/uploads\/2022\/02\/PECORANERA_ciclismo-1024x683.jpg 1024w, https:\/\/pecoranera.info\/de\/wp-content\/uploads\/2022\/02\/PECORANERA_ciclismo-300x200.jpg 300w, https:\/\/pecoranera.info\/de\/wp-content\/uploads\/2022\/02\/PECORANERA_ciclismo-768x512.jpg 768w, https:\/\/pecoranera.info\/de\/wp-content\/uploads\/2022\/02\/PECORANERA_ciclismo.jpg 1200w\" sizes=\"auto, (max-width: 1024px) 100vw, 1024px\" \/><\/figure>\n\n\n\n<p>Der Nove Colli zieht Radfahrer aus ganz Italien, aber auch aus dem Ausland an. Sie teilen ihre Route mit denen aus der Romagna, die jedes Wochenende mit ihren traditionellen oder elektrischen Fahrr\u00e4dern nach Bertinoro fahren.<\/p>\n\n\n\n<figure class=\"wp-block-image size-large\"><img loading=\"lazy\" decoding=\"async\" width=\"768\" height=\"1024\" src=\"https:\/\/pecoranera.info\/de\/wp-content\/uploads\/2022\/02\/PECORANERA_cena-altalena-768x1024.jpg\" alt=\"\" class=\"wp-image-158\" srcset=\"https:\/\/pecoranera.info\/de\/wp-content\/uploads\/2022\/02\/PECORANERA_cena-altalena-768x1024.jpg 768w, https:\/\/pecoranera.info\/de\/wp-content\/uploads\/2022\/02\/PECORANERA_cena-altalena-225x300.jpg 225w, https:\/\/pecoranera.info\/de\/wp-content\/uploads\/2022\/02\/PECORANERA_cena-altalena.jpg 810w\" sizes=\"auto, (max-width: 768px) 100vw, 768px\" \/><\/figure>\n\n\n\n<p>Zu den Veranstaltungen, die wir organisieren, geh\u00f6ren au\u00dferdem:<\/p>\n\n\n\n<ul class=\"wp-block-list\">\n<li>Tage, die sensorischen und olfaktorischen Reisen gewidmet sind: die traditionelle Ernte von Lavendelbl\u00fcten Ende Juni zusammen mit der traditionellen Ernte von Blumen, Pflanzen und Kr\u00e4utern f\u00fcr das San Giovanni-Wasserritual am 23. und 34. Juni;<\/li>\n\n\n\n<li>Verkostung von selbst hergestelltem \u00d6l (ORGOLIO di Pecoranera);<\/li>\n\n\n\n<li>Aperitifs am Pool oder im rein landwirtschaftlichen Kontext der Weinberge und Olivenb\u00e4ume (Agri-Cocktails);<\/li>\n\n\n\n<li>Teeverkostungsabende zum Klang tibetischer Glocken;<\/li>\n\n\n\n<li>Abende mit Musik und Themenessen (brasilianisches Abendessen, Sushi-Abendessen usw.) in Zusammenarbeit mit Unternehmen und Vereinen in der Region, zu denen auch die M\u00f6glichkeit geh\u00f6rt, lokale Weine gepaart mit exotischeren Gerichten zu probieren.<\/li>\n\n\n\n<li>Veranstaltungsabende wie die Beobachtung und Entdeckung des Sternenhimmels durch ein von einer Gruppe lokaler Amateurastronomen zur Verf\u00fcgung gestelltes Teleskop;<\/li>\n\n\n\n<li>Abende mit dem Titel \u201eKino auf der Wiese\u201c, bei denen die G\u00e4ste auf Matten auf dem Rasen liegend, mit Kissen und Decken ausgestattet, einen guten Film genie\u00dfen k\u00f6nnen, der auf einer gro\u00dfen Leinwand im Hof \u200b\u200bdes Hauses projiziert wird, vielleicht im Vorfeld eine Verkostung lokaler Produkte oder Weine.<\/li>\n\n\n\n<li>Leseabende, mit der Anwesenheit von Schauspielern, die mit ihren Stimmen die popul\u00e4ren Erz\u00e4hlungen und Gedichte von Autoren mit Bezug zur Romagna (Aldo Spallicci, Raffaello Baldini, <a href=\"https:\/\/de.wikipedia.org\/wiki\/Tonino_Guerra\" data-type=\"link\" data-id=\"https:\/\/de.wikipedia.org\/wiki\/Tonino_Guerra\" target=\"_blank\" rel=\"noreferrer noopener\">Tonino Guerra<\/a>) zum Leben erwecken.<\/li>\n<\/ul>\n\n\n\n<p>Das Vorhandensein eines alten Olivenhains und der zuk\u00fcnftige Produktionsstart der 300 im Jahr 2020 gepflanzten Olivenb\u00e4ume k\u00f6nnen f\u00fcr ein Selbsternteprojekt genutzt werden, aber auch f\u00fcr \u201eAdoptions\u201c-Initiativen, bei denen Menschen einbezogen werden, die einen Olivenbaum zu adoptieren, sein Wachstum zu verfolgen, sich um die Ernte zu k\u00fcmmern und seine Produktion zu sehen, bis hin zur Verkostung des produzierten \u00d6ls.&nbsp;<\/p>\n\n\n\n<p>Im Moment steht unser \u00d6l nicht zum Verkauf.<\/p>\n\n\n\n<figure class=\"wp-block-image size-full\"><img loading=\"lazy\" decoding=\"async\" width=\"1024\" height=\"768\" src=\"https:\/\/pecoranera.info\/de\/wp-content\/uploads\/2022\/02\/PECORANERA_cane-ulivi.jpg\" alt=\"\" class=\"wp-image-166\" srcset=\"https:\/\/pecoranera.info\/de\/wp-content\/uploads\/2022\/02\/PECORANERA_cane-ulivi.jpg 1024w, https:\/\/pecoranera.info\/de\/wp-content\/uploads\/2022\/02\/PECORANERA_cane-ulivi-300x225.jpg 300w, https:\/\/pecoranera.info\/de\/wp-content\/uploads\/2022\/02\/PECORANERA_cane-ulivi-768x576.jpg 768w\" sizes=\"auto, (max-width: 1024px) 100vw, 1024px\" \/><\/figure>\n\n\n\n<blockquote class=\"wp-block-quote is-style-tw-medium is-layout-flow wp-block-quote-is-layout-flow\">\n<p>Zu den St\u00e4rken des Pecoranera-Projekts z\u00e4hlen Massimiliano und Omar.<\/p>\n<\/blockquote>\n\n\n\n<p>Der erste arbeitet in den Bereichen Werbung, Unterhaltung und Radio-Fernsehen und verf\u00fcgt \u00fcber einen ziemlich umfangreichen Hintergrund in der Welt der Kommunikation, ein Netzwerk von Kontakten und Freunden, die die Besonderheiten des Projekts sicherlich zu sch\u00e4tzen wissen und als Resonanzboden fungieren k\u00f6nnen.<\/p>\n\n\n\n<p>Die Struktur richtet auch auf Massenkommunikationskan\u00e4le (Buchung, Airbnb usw.) oder soziale Medien (Facebook, Instagram, Twitter usw.).<\/p>\n\n\n\n<p><br><br>Der zweite ist ein auf Verhaltensmedizin spezialisierter Tierarzt und ein in ganz Italien und im Ausland anerkannter Agility-Trainer f\u00fcr Hunde, wo er sehr gefragt ist f\u00fcr Hundetrainingsseminare und Praktika, die er in naher Zukunft auch innerhalb des Unternehmens entwickeln wird. Die Kompetenz und Erfahrung von Omar Babini auf dem Gebiet der Haustiertherapie, die Anwesenheit von Tieren (Esel, Ziegen, Hunde, H\u00fchner usw.) und die Einbeziehung anderer spezifischer Fachkr\u00e4fte er\u00f6ffnen die M\u00f6glichkeiten soziale Aktivitaten fur\u00a0gef\u00e4hrdeten Menschen zu organisieren.<\/p>\n\n\n<div class=\"wp-block-image\">\n<figure class=\"alignright size-large is-resized\"><img loading=\"lazy\" decoding=\"async\" width=\"640\" height=\"480\" src=\"https:\/\/pecoranera.info\/de\/wp-content\/uploads\/2022\/03\/occhiali.svg\" alt=\"\" class=\"wp-image-302\" style=\"width:253px;height:189px\"\/><\/figure>\n<\/div>","protected":false},"excerpt":{"rendered":"<p>Ziel des Anwesens ist es, Pecoranera zu einem besonderen Ort zu machen, an dem Sie nicht nur \u00fcbernachten und lokale Produkte probieren, sondern auch Zeit abseits der Hektik des Alltags in einer Umgebung der Ruhe und Entspannung verbringen k\u00f6nnen. Gleichzeitig stellen wir denjenigen, die Sport-, Freizeit- und Kulturaktivit\u00e4ten durchf\u00fchren m\u00f6chten, die Werkzeuge, Umgebungen und das&hellip; <a class=\"more-link\" href=\"https:\/\/pecoranera.info\/de\/why\/\"><span class=\"screen-reader-text\">Why<\/span> weiterlesen<\/a><\/p>\n","protected":false},"author":1,"featured_media":0,"parent":0,"menu_order":0,"comment_status":"closed","ping_status":"closed","template":"","meta":{"footnotes":""},"class_list":["post-235","page","type-page","status-publish","hentry","entry"],"_links":{"self":[{"href":"https:\/\/pecoranera.info\/de\/wp-json\/wp\/v2\/pages\/235","targetHints":{"allow":["GET"]}}],"collection":[{"href":"https:\/\/pecoranera.info\/de\/wp-json\/wp\/v2\/pages"}],"about":[{"href":"https:\/\/pecoranera.info\/de\/wp-json\/wp\/v2\/types\/page"}],"author":[{"embeddable":true,"href":"https:\/\/pecoranera.info\/de\/wp-json\/wp\/v2\/users\/1"}],"replies":[{"embeddable":true,"href":"https:\/\/pecoranera.info\/de\/wp-json\/wp\/v2\/comments?post=235"}],"version-history":[{"count":11,"href":"https:\/\/pecoranera.info\/de\/wp-json\/wp\/v2\/pages\/235\/revisions"}],"predecessor-version":[{"id":527,"href":"https:\/\/pecoranera.info\/de\/wp-json\/wp\/v2\/pages\/235\/revisions\/527"}],"wp:attachment":[{"href":"https:\/\/pecoranera.info\/de\/wp-json\/wp\/v2\/media?parent=235"}],"curies":[{"name":"wp","href":"https:\/\/api.w.org\/{rel}","templated":true}]}}