{"id":3,"date":"2022-02-16T22:25:21","date_gmt":"2022-02-16T22:25:21","guid":{"rendered":"https:\/\/pecoranera.info\/?page_id=3"},"modified":"2023-11-16T02:11:33","modified_gmt":"2023-11-16T01:11:33","slug":"privacy-policy","status":"publish","type":"page","link":"https:\/\/pecoranera.info\/de\/privacy-policy\/","title":{"rendered":"Privacy &#038; Cookie Policy"},"content":{"rendered":"<h2>Europ\u00e4ischen Verordnung zum Schutz personenbezogener Daten Nr. 679\/2016, DSGVO<\/h2>\n<h2>Zwecke der Verarbeitung<\/h2>\n<p>Ihre personenbezogenen Daten, die wir freiwillig mitteilen und die wir im Rahmen der T\u00e4tigkeit von:<strong><br \/>\nPECORANERA<\/strong> Societ\u00e0 Agricola Srl<br \/>\nvia Cerbiano, 290 I-47032 Bertinoro (FC)<br \/>\nPartita IVA: IT040315404<br \/>\nCodice Fiscale: IT04031540406<\/p>\n<p>werden rechtm\u00e4\u00dfig und fair f\u00fcr die folgenden Zwecke verarbeitet:<\/p>\n<h3>Erhobene personenbezogene Daten und Zweck der Erhebung<\/h3>\n<h4>Vom Benutzer bereitgestellte Daten<\/h4>\n<p>Das Zusammenstellen und Versenden von Formularen (Webformularen) auf der PECORANERA-Website beinhaltet die Erfassung der vom Benutzer eingegebenen Daten (Vorname, Nachname, E-Mail, Telefon, Informationsanfrage) mit dem Ziel, die vom Benutzer angeforderten Informationen per E-Mail bereitzustellen oder kontaktieren Sie uns telefonisch.<br \/>\nDas Versenden von E-Mail-Nachrichten an die auf unserer Website angegebenen Adressen erfordert die anschlie\u00dfende Erfassung der Absenderadresse, die f\u00fcr die Beantwortung von Anfragen erforderlich ist, sowie aller anderen in der Nachricht enthaltenen oder beigef\u00fcgten personenbezogenen Daten (Vorname, Nachname, Firma und Funktion, beigef\u00fcgter Lebenslauf). zu Kooperationsvorschl\u00e4gen).<br \/>\nDie oben genannten personenbezogenen Daten werden ausschlie\u00dflich zu dem Zweck verarbeitet, auf Informationsanfragen zu antworten, Kontakte zu potenziellen Kunden zu kn\u00fcpfen und informative Newsletter zu versenden. Es werden keine auf die oben genannte Weise erhobenen personenbezogenen Daten an Dritte weitergegeben oder weitergegeben.<\/p>\n<h4>Browsing-Daten<\/h4>\n<p>Die dem Betrieb der Website zugrunde liegenden Computersysteme erfassen w\u00e4hrend ihres normalen Betriebs einige personenbezogene Daten, deren \u00dcbermittlung bei der Verwendung von Internet-Kommunikationsprotokollen implizit ist. Hierbei handelt es sich um Informationen, die nicht mit dem Ziel erfasst werden, identifizierten Personen zugeordnet zu werden, die aber aufgrund ihrer Beschaffenheit durch Verarbeitung und Kombination mit Informationen im Besitz Dritter die Identifizierung von Benutzern erm\u00f6glichen k\u00f6nnten.<br \/>\nZu dieser Datenkategorie geh\u00f6ren die IP-Adressen oder Dom\u00e4nennamen der Computer, die von Benutzern verwendet werden, die eine Verbindung zur Website herstellen, die Kennungen (URI) der angeforderten Ressourcen, die Uhrzeit der Anfrage, die zum Senden der Anfrage an den Server verwendete Methode, die Gr\u00f6\u00dfe der als Antwort erhaltenen Datei, der numerische Code, der den Status der vom Server gegebenen Antwort angibt (erfolgreich, Fehler usw.) und andere Parameter, die sich auf das Betriebssystem und die IT-Umgebung des Benutzers beziehen.<br \/>\nDiese Daten werden ausschlie\u00dflich dazu verwendet, den von der Website erzeugten Datenverkehr zu verfolgen, anonyme statistische Informationen \u00fcber die Nutzung der Website zu erhalten und deren ordnungsgem\u00e4\u00dfe Funktion zu \u00fcberpr\u00fcfen. Diese Daten k\u00f6nnten ausschlie\u00dflich auf Anfrage der Justizbeh\u00f6rden und im Einklang mit den geltenden Gesetzen auch zur Aufkl\u00e4rung von Computerkriminalit\u00e4t verwendet werden.<\/p>\n<h4>Ort und Art der Behandlung<\/h4>\n<p>Die Verarbeitung (Speicherung) der \u00fcber die jeweilige Website erhobenen personenbezogenen Daten erfolgt am Firmensitz sowie auf Servern innerhalb der Europ\u00e4ischen Union und in Staaten, die nicht zur EU geh\u00f6ren. Die \u00dcbermittlung personenbezogener Daten in diese L\u00e4nder erfolgt unter Einhaltung der gesetzlichen Garantien. Die Verarbeitung personenbezogener Daten erfolgt ausschlie\u00dflich durch Mitarbeiter des Unternehmens, die ausdr\u00fccklich f\u00fcr die oben genannten Verarbeitungszwecke verantwortlich sind.<\/p>\n<h4>Aufbewahrungsfrist f\u00fcr personenbezogene Daten<\/h4>\n<p>Die vom Nutzer freiwillig zur Verf\u00fcgung gestellten personenbezogenen Daten gelten in den in Abs. 1 genannten F\u00e4llen und Inhalten. \u201eVom Nutzer bereitgestellte Daten\u201c werden f\u00fcr Benachrichtigungen \u00fcber Serviceaktualisierungen und etwaige Marketingmitteilungen gespeichert, bis der Interessent ausdr\u00fccklich deren L\u00f6schung verlangt. Kundendaten werden f\u00fcr einen Zeitraum von maximal 10 Jahren ab Beendigung der Vertr\u00e4ge gespeichert. Die automatisch erfassten Navigationsdaten werden f\u00fcr die Dauer von sechs Monaten gespeichert und anschlie\u00dfend zu statistischen Zwecken verarbeitet, sodass keine pers\u00f6nliche Identifizierung mehr m\u00f6glich ist. Die geltenden Gesetze zur Sicherheit und Aufdeckung von Straftaten k\u00f6nnen jedoch l\u00e4ngere Aufbewahrungsfristen vorsehen.<\/p>\n<h4>Minderj\u00e4hrige<\/h4>\n<p>PECORANERA erbringt keine Dienstleistungen f\u00fcr Minderj\u00e4hrige unter 18 Jahren und speichert keine personenbezogenen Daten von Minderj\u00e4hrigen. Wenn Sie der Meinung sind, dass uns personenbezogene Daten von Minderj\u00e4hrigen zur Verf\u00fcgung gestellt wurden oder diese betreffen, k\u00f6nnen Sie sich unter den unten angegebenen Referenzen an uns wenden, um Ihre Rechte auszu\u00fcben. Wir werden diese dann l\u00f6schen.<\/p>\n<h4>Cookie<\/h4>\n<p>Derzeit verwenden wir KEINE Profiling-Cookies f\u00fcr Marketingkampagnen, zur Analyse oder Verwaltung der Beziehung zu Benutzern.<\/p>\n<p>Die verarbeiteten Daten sind aktuell, relevant, vollst\u00e4ndig und nicht \u00fcberm\u00e4\u00dfig im Hinblick auf die oben aufgef\u00fchrten Zwecke, f\u00fcr die sie erhoben und anschlie\u00dfend verarbeitet werden.<\/p>\n<h2>Behandlungsmethoden<\/h2>\n<p>Die Daten selbst werden unter Wahrung der erforderlichen Sicherheit und Vertraulichkeit auf folgende Weise verarbeitet: Erhebung von Daten des Interessenten, die f\u00fcr bestimmte, eindeutige und legitime Zwecke erhoben und gespeichert werden, und Verwendung in weiteren Verarbeitungsvorg\u00e4ngen im Einklang mit diesen Zwecke, Verarbeitung mit Hilfe elektronischer und automatisierter Tools (elektronische Datenerhebung direkt beim Interessenten).<\/p>\n<h2>Rechtsgrundlage der Verarbeitung<\/h2>\n<p>Die Rechtsgrundlage f\u00fcr die Verarbeitung Ihrer personenbezogenen Daten basiert auf der Navigation und allen auf der Website https:\/\/pecoranera.info\/de\/ generierten Kontakten.<\/p>\n<h4>Berechtigte Interessen des Datenverantwortlichen:<\/h4>\n<p>Die berechtigten Interessen, die der Verantwortliche bei der Datenverarbeitung verfolgt, ergeben sich aus der Verpflichtung, die zwischen den Parteien unterzeichneten vertraglichen Verpflichtungen zu respektieren und einzuhalten. Gem\u00e4\u00df Art. 6 Die Rechtm\u00e4\u00dfigkeit der Verarbeitung beruht auf der eindeutig zum Ausdruck gebrachten und schriftlich dokumentierten Einwilligung des Betroffenen. Obligatorischer oder fakultativer Charakter der Bereitstellung von Daten und Folgen einer m\u00f6glichen Verweigerung der Antwort: Die Art der Bereitstellung von Daten durch Sie ist obligatorisch, damit der Datenverantwortliche die angeforderten Dienstleistungen erbringen kann. Im Falle einer Ablehnung kann der Registrierungsprozess daher nicht abgeschlossen werden und der Systeminhaber ist nicht in der Lage, seinen vertraglichen Verpflichtungen nachzukommen.<\/p>\n<h2>Weitergabe von Daten an Dritte<\/h2>\n<p>Ihre personenbezogenen Daten werden vom Datenverantwortlichen, den von ihm beauftragten Datenverarbeitern und den streng befugten Datenverarbeitern verarbeitet. Eine Weitergabe Ihrer personenbezogenen Daten erfolgt nicht.<\/p>\n<h2>Lagerzeiten<\/h2>\n<p>Ihre personenbezogenen Daten werden f\u00fcr keine Zeit gespeichert. 10 Jahre ab Beendigung der Dienstleistungs-\/Produktlieferbeziehung in den Computerarchiven von PECORANERA Societ\u00e0 Agricola Srl.<\/p>\n<h2>Absicht des Datenverantwortlichen f\u00fcr personenbezogene Daten<\/h2>\n<p>Der Datenverantwortliche wird Ihre personenbezogenen Daten nicht an ein Drittland oder eine internationale Organisation \u00fcbermitteln.<\/p>\n<h2>Eigent\u00fcmer und Datenverarbeiter<\/h2>\n<p>Der Datenverantwortliche ist <strong>PECORANERA<\/strong> Societ\u00e0 Agricola Srl. Kontaktdaten des Datenverantwortlichen, E-Mail: info(at)pecoranera.info<\/p>\n<p>Der Interessent kann jederzeit die ihm vorbehaltenen Rechte gem\u00e4\u00df Art. aus\u00fcben. 7, von denen der vollst\u00e4ndige Text wiedergegeben wird: Art. 7 Gesetzesdekret 196\/2003 und Art. 15 EU-Verordnung 679\/2016 \u2013 Recht auf Zugang zu personenbezogenen Daten und andere Rechte \u2013 \u201eDer Interessent hat das Recht, eine Best\u00e4tigung \u00fcber das Vorhandensein oder Nichtvorhandensein der ihn betreffenden personenbezogenen Daten zu erhalten, auch wenn diese noch nicht registriert sind<\/p>\n<p>Kommunikation in verst\u00e4ndlicher Form. Der Interessent hat das Recht, Auskunft \u00fcber die Herkunft der personenbezogenen Daten zu erhalten; der Zwecke und Methoden der Verarbeitung; der angewandten Logik im Falle einer Verarbeitung mit Hilfe elektronischer Instrumente; der Identifikationsdaten des f\u00fcr die Datenverarbeitung Verantwortlichen, des Managers und des gem\u00e4\u00df Art. benannten Vertreters. 5 Absatz 2; der Subjekte oder Kategorien von Subjekten, denen die personenbezogenen Daten mitgeteilt werden k\u00f6nnen oder die als benannte Vertreter im Staatsgebiet, Manager oder Beauftragte davon Kenntnis erlangen k\u00f6nnen. Der Interessent hat das Recht, Folgendes zu verlangen: Aktualisierung, Berichtigung oder, wenn Interesse besteht, Erg\u00e4nzung der Daten; die L\u00f6schung, Umwandlung in anonymisierte Form oder Sperrung von Daten, die rechtswidrig verarbeitet wurden, einschlie\u00dflich solcher, deren Aufbewahrung im Hinblick auf die Zwecke, f\u00fcr die die Daten erhoben oder sp\u00e4ter verarbeitet wurden, nicht erforderlich ist; die Bescheinigung, dass die in Buchstabe a genannten Vorg\u00e4nge durchgef\u00fchrt wurden. und B. wurden den Personen zur Kenntnis gebracht, denen die Daten mitgeteilt oder verbreitet wurden, auch hinsichtlich ihres Inhalts, es sei denn, die Erf\u00fcllung erweist sich als unm\u00f6glich oder erfordert den Einsatz von Mitteln, die offensichtlich in keinem Verh\u00e4ltnis zum gesch\u00fctzten Recht stehen. Der Interessent hat das Recht, ganz oder teilweise: aus legitimen Gr\u00fcnden der Verarbeitung der ihn betreffenden personenbezogenen Daten zu widersprechen, auch wenn diese f\u00fcr den Zweck der Erhebung relevant sind; gegen die Verarbeitung der ihn betreffenden personenbezogenen Daten zum Zwecke der Zusendung von Werbematerial oder des Direktverkaufs oder zur Durchf\u00fchrung von Marktforschung oder kommerzieller Kommunikation\u201c. Insbesondere kann der Interessent neben dem Recht auf Daten\u00fcbertragbarkeit jederzeit beim Datenverantwortlichen Zugang zu personenbezogenen Daten und deren Berichtigung oder L\u00f6schung oder die Einschr\u00e4nkung der ihn betreffenden Verarbeitung verlangen oder sich der Verarbeitung widersetzen . . Der Interessent hat das Recht, die Einwilligung jederzeit zu widerrufen, ohne dass dadurch die Rechtm\u00e4\u00dfigkeit der Verarbeitung aufgrund der vor dem Widerruf erteilten Einwilligung beeintr\u00e4chtigt wird, und hat das Recht, eine Beschwerde bei einer Aufsichtsbeh\u00f6rde einzureichen. Die Aus\u00fcbung der Rechte kann schriftlich an die E-Mail-Adresse info(at)pecoranera.info erfolgen.<\/p>\n","protected":false},"excerpt":{"rendered":"<p>Europ\u00e4ischen Verordnung zum Schutz personenbezogener Daten Nr. 679\/2016, DSGVO Zwecke der Verarbeitung Ihre personenbezogenen Daten, die wir freiwillig mitteilen und die wir im Rahmen der T\u00e4tigkeit von: PECORANERA Societ\u00e0 Agricola Srl via Cerbiano, 290 I-47032 Bertinoro (FC) Partita IVA: IT040315404 Codice Fiscale: IT04031540406 werden rechtm\u00e4\u00dfig und fair f\u00fcr die folgenden Zwecke verarbeitet: Erhobene personenbezogene Daten&hellip; <a class=\"more-link\" href=\"https:\/\/pecoranera.info\/de\/privacy-policy\/\"><span class=\"screen-reader-text\">Privacy &#038; Cookie Policy<\/span> weiterlesen<\/a><\/p>\n","protected":false},"author":1,"featured_media":0,"parent":0,"menu_order":0,"comment_status":"closed","ping_status":"open","template":"","meta":{"footnotes":""},"class_list":["post-3","page","type-page","status-publish","hentry","entry"],"_links":{"self":[{"href":"https:\/\/pecoranera.info\/de\/wp-json\/wp\/v2\/pages\/3","targetHints":{"allow":["GET"]}}],"collection":[{"href":"https:\/\/pecoranera.info\/de\/wp-json\/wp\/v2\/pages"}],"about":[{"href":"https:\/\/pecoranera.info\/de\/wp-json\/wp\/v2\/types\/page"}],"author":[{"embeddable":true,"href":"https:\/\/pecoranera.info\/de\/wp-json\/wp\/v2\/users\/1"}],"replies":[{"embeddable":true,"href":"https:\/\/pecoranera.info\/de\/wp-json\/wp\/v2\/comments?post=3"}],"version-history":[{"count":4,"href":"https:\/\/pecoranera.info\/de\/wp-json\/wp\/v2\/pages\/3\/revisions"}],"predecessor-version":[{"id":536,"href":"https:\/\/pecoranera.info\/de\/wp-json\/wp\/v2\/pages\/3\/revisions\/536"}],"wp:attachment":[{"href":"https:\/\/pecoranera.info\/de\/wp-json\/wp\/v2\/media?parent=3"}],"curies":[{"name":"wp","href":"https:\/\/api.w.org\/{rel}","templated":true}]}}